{"id":687,"date":"2018-03-17T23:02:08","date_gmt":"2018-03-17T23:02:08","guid":{"rendered":"http:\/\/demo.curlythemes.com\/private-jet\/?page_id=71"},"modified":"2024-03-25T13:42:00","modified_gmt":"2024-03-25T13:42:00","slug":"ok-o-nas","status":"publish","type":"page","link":"https:\/\/okletenky.cz\/en\/ok-o-nas\/","title":{"rendered":"ok-O-nas"},"content":{"rendered":"<section class=\"vc_section vc_custom_1521750009372 vc_section-has-fill\"><div data-stellar-offset-parent=\"true\"  class=\"vc_row wpb_row vc_row-fluid content-padding vc_row-o-content-middle vc_row-flex\"><div  class=\"wpb_column vc_column_container vc_col-sm-10 vc_col-lg-offset-2 vc_col-lg-8 vc_col-sm-offset-1\"><div class=\"vc_column-inner\" style=\"\" ><div class=\"wpb_wrapper\">\r\n\t<div class=\"wpb_text_column wpb_content_element\" >\r\n\t\t<div class=\"wpb_wrapper\">\r\n\t\t\t<p class=\"lead\">OK-TOURS is a stable travel agency focused on a wide range of tourism services, with more than thirty years of history on the Czech market.<br \/>\nWe care about a satisfied customer, our good reputation and the quality of our services, to which the client wants to return repeatedly. We strive to be the preferred choice for satisfied travellers.<br \/>\nWe focus primarily on corporate clients, providing for all the needs of the traveller from the moment they leave their home or workplace and set off on their travels until the moment they return.<br \/>\nFor companies and institutions we take care of the smooth running of not only business trips, but also conferences and various events. With the same humility and interest, we meet the private needs of our clients when travelling abroad or at home. For our foreign partners we provide full service within the Czech Republic and neighbouring countries.<br \/>\nWe do our work with commitment and responsibility, drawing on the many years of experience of our expert team.<\/p>\n\r\n\t\t<\/div>\r\n\t<\/div>\r\n<div class=\"vc_empty_space\"   style=\"height: 2rem\"><span class=\"vc_empty_space_inner\"><\/span><\/div><div class=\"wpb_gallery wpb_content_element vc_clearfix\" ><div class=\"wpb_wrapper\"><div class=\"wpb_gallery_slides wpb_image_grid\" data-interval=\"3\"><ul class=\"wpb_image_grid_ul\"><li class=\"isotope-item\"><a class=\"\" href=\"https:\/\/okletenky.cz\/wp-content\/uploads\/2024\/03\/OK-T-3-1024x768.jpeg\" data-lightbox=\"lightbox[rel-687-1811831351]\"><img loading=\"lazy\" decoding=\"async\" width=\"150\" height=\"150\" src=\"https:\/\/okletenky.cz\/wp-content\/uploads\/2024\/03\/OK-T-3-150x150.jpeg\" class=\"attachment-thumbnail\" alt=\"\" \/><\/a><\/li><li class=\"isotope-item\"><a class=\"\" href=\"https:\/\/okletenky.cz\/wp-content\/uploads\/2024\/03\/OK-T-2-1024x768.jpeg\" data-lightbox=\"lightbox[rel-687-1811831351]\"><img loading=\"lazy\" decoding=\"async\" width=\"150\" height=\"150\" src=\"https:\/\/okletenky.cz\/wp-content\/uploads\/2024\/03\/OK-T-2-150x150.jpeg\" class=\"attachment-thumbnail\" alt=\"\" \/><\/a><\/li><li class=\"isotope-item\"><a class=\"\" href=\"https:\/\/okletenky.cz\/wp-content\/uploads\/2024\/03\/OK-T-1-1024x776.jpeg\" data-lightbox=\"lightbox[rel-687-1811831351]\"><img loading=\"lazy\" decoding=\"async\" width=\"150\" height=\"150\" src=\"https:\/\/okletenky.cz\/wp-content\/uploads\/2024\/03\/OK-T-1-150x150.jpeg\" class=\"attachment-thumbnail\" alt=\"\" \/><\/a><\/li><\/ul><\/div><\/div><\/div><\/div><\/div><\/div><\/div><div data-stellar-offset-parent=\"true\"  class=\"vc_row wpb_row vc_row-fluid content-padding vc_row-o-content-middle vc_row-flex\"><div  class=\"wpb_column vc_column_container vc_col-sm-10 vc_col-lg-offset-2 vc_col-lg-8 vc_col-sm-offset-1\"><div class=\"vc_column-inner\" style=\"\" ><div class=\"wpb_wrapper\"><div class=\"vc_empty_space\"   style=\"height: 2rem\"><span class=\"vc_empty_space_inner\"><\/span><\/div><\/div><\/div><\/div><\/div><\/section>","protected":false},"excerpt":{"rendered":"OK-TOURS je stabiln\u00ed cestovn\u00ed kancel\u00e1\u0159\u00ed orientovanou na \u0161irokou \u0161k\u00e1lu slu\u017eeb cestovn\u00edho ruchu, s v\u00edce ne\u017e t\u0159icetiletou histori\u00ed na \u010desk\u00e9m trhu. Z\u00e1le\u017e\u00ed n\u00e1m na spokojen\u00e9m z\u00e1kazn\u00edkovi, na\u0161\u00ed dobr\u00e9 pov\u011bsti a kvalit\u011b poskytovan\u00fdch slu\u017eeb, ke kter\u00e9 se klient chce opakovan\u011b vracet. Usilujeme o to b\u00fdt preferovanou volbou pro spokojen\u00e9 cestuj\u00edc\u00ed. Orientujeme se prim\u00e1rn\u011b na firemn\u00ed klientelu s t\u00edm, \u017ee zaji\u0161\u0165ujeme ve\u0161ker\u00e9 pot\u0159eby [...]","protected":false},"author":1,"featured_media":0,"parent":0,"menu_order":0,"comment_status":"closed","ping_status":"closed","template":"","meta":{"inline_featured_image":false,"footnotes":""},"class_list":["post-687","page","type-page","status-publish","hentry"],"_links":{"self":[{"href":"https:\/\/okletenky.cz\/en\/wp-json\/wp\/v2\/pages\/687","targetHints":{"allow":["GET"]}}],"collection":[{"href":"https:\/\/okletenky.cz\/en\/wp-json\/wp\/v2\/pages"}],"about":[{"href":"https:\/\/okletenky.cz\/en\/wp-json\/wp\/v2\/types\/page"}],"author":[{"embeddable":true,"href":"https:\/\/okletenky.cz\/en\/wp-json\/wp\/v2\/users\/1"}],"replies":[{"embeddable":true,"href":"https:\/\/okletenky.cz\/en\/wp-json\/wp\/v2\/comments?post=687"}],"version-history":[{"count":22,"href":"https:\/\/okletenky.cz\/en\/wp-json\/wp\/v2\/pages\/687\/revisions"}],"predecessor-version":[{"id":1884,"href":"https:\/\/okletenky.cz\/en\/wp-json\/wp\/v2\/pages\/687\/revisions\/1884"}],"wp:attachment":[{"href":"https:\/\/okletenky.cz\/en\/wp-json\/wp\/v2\/media?parent=687"}],"curies":[{"name":"wp","href":"https:\/\/api.w.org\/{rel}","templated":true}]}}