{"id":690,"date":"2018-03-21T13:09:23","date_gmt":"2018-03-21T13:09:23","guid":{"rendered":"http:\/\/demo.curlythemes.com\/private-jet\/?page_id=319"},"modified":"2021-11-03T12:10:32","modified_gmt":"2021-11-03T12:10:32","slug":"ok-vlakove-jizdenky","status":"publish","type":"page","link":"https:\/\/okletenky.cz\/en\/ok-sluzby\/ok-vlakove-jizdenky\/","title":{"rendered":"ok-Vlakove-jizdenky"},"content":{"rendered":"<section class=\"vc_section\"><div data-stellar-offset-parent=\"true\"  class=\"vc_row wpb_row vc_row-fluid content-padding vc_row-o-content-middle vc_row-flex\"><div  class=\"z-index--2 wpb_column vc_column_container vc_col-sm-4\"><div class=\"vc_column-inner\" style=\"\" ><div class=\"wpb_wrapper\">\r\n\t<div class=\"wpb_single_image wpb_content_element vc_align_left   xtd-responsive-margin-negative--right-80\" style=\" \" >\r\n\t\t\r\n\t\t<figure class=\"wpb_wrapper vc_figure\">\r\n\t\t\t<div class=\"vc_single_image-wrapper xtd-shadow--large-light  vc_box_border_grey\"><img loading=\"lazy\" decoding=\"async\" width=\"1920\" height=\"1280\" src=\"https:\/\/okletenky.cz\/wp-content\/uploads\/2021\/11\/Vlak.jpg\" class=\"vc_single_image-img attachment-full\" alt=\"\" srcset=\"https:\/\/okletenky.cz\/wp-content\/uploads\/2021\/11\/Vlak.jpg 1920w, https:\/\/okletenky.cz\/wp-content\/uploads\/2021\/11\/Vlak-300x200.jpg 300w, https:\/\/okletenky.cz\/wp-content\/uploads\/2021\/11\/Vlak-1024x683.jpg 1024w, https:\/\/okletenky.cz\/wp-content\/uploads\/2021\/11\/Vlak-768x512.jpg 768w, https:\/\/okletenky.cz\/wp-content\/uploads\/2021\/11\/Vlak-1536x1024.jpg 1536w\" sizes=\"auto, (max-width: 1920px) 100vw, 1920px\" \/><\/div>\r\n\t\t<\/figure>\r\n\t<\/div>\r\n<div class=\"vc_empty_space\"   style=\"height: 2rem\"><span class=\"vc_empty_space_inner\"><\/span><\/div><\/div><\/div><\/div><div  class=\"wpb_column vc_column_container vc_col-sm-8 vc_col-has-fill\"><div class=\"vc_column-inner vc_custom_1521565908570\" style=\"\" ><div class=\"wpb_wrapper\"><div class=\"vc_row wpb_row vc_inner vc_row-fluid\"><div class=\"wpb_column vc_column_container vc_col-sm-6 vc_col-sm-offset-5\"><div class=\"vc_column-inner\"><div class=\"wpb_wrapper\">\r\n\t<div class=\"wpb_text_column wpb_content_element\" >\r\n\t\t<div class=\"wpb_wrapper\">\r\n\t\t\t<h5>Tickets<\/h5>\n<p>Domestic and international tickets worldwide. We are the main partner of the French railway company TGV.<\/p>\n\r\n\t\t<\/div>\r\n\t<\/div>\r\n\r\n\t<div class=\"wpb_text_column wpb_content_element\" >\r\n\t\t<div class=\"wpb_wrapper\">\r\n\t\t\t<h5>Inquiry form<\/h5>\n\r\n\t\t<\/div>\r\n\t<\/div>\r\n<noscript class=\"ninja-forms-noscript-message\">\n\tNotice: JavaScript is required for this content.<\/noscript>\n<div id=\"nf-form-6-cont\" class=\"nf-form-cont\" aria-live=\"polite\" aria-labelledby=\"nf-form-title-6\" aria-describedby=\"nf-form-errors-6\" role=\"form\">\n\n    <div class=\"nf-loading-spinner\"><\/div>\n\n<\/div>\n        <!-- That data is being printed as a workaround to page builders reordering the order of the scripts loaded-->\n        <script>var formDisplay=1;var nfForms=nfForms||[];var form=[];form.id='6';form.settings={\"objectType\":\"Form Setting\",\"editActive\":true,\"title\":\"Popt\\u00e1vkov\\u00fd formul\\u00e1\\u0159 pro j\\u00edzdenky\",\"created_at\":\"2021-09-17 12:16:43\",\"default_label_pos\":\"above\",\"show_title\":\"0\",\"clear_complete\":\"1\",\"hide_complete\":\"1\",\"logged_in\":\"\",\"wrapper_class\":\"\",\"element_class\":\"\",\"key\":\"\",\"add_submit\":\"0\",\"changeEmailErrorMsg\":\"Please enter a valid email address!\",\"changeDateErrorMsg\":\"Please enter a valid date!\",\"confirmFieldErrorMsg\":\"These fields must match!\",\"fieldNumberNumMinError\":\"Number Min Error\",\"fieldNumberNumMaxError\":\"Number Max Error\",\"fieldNumberIncrementBy\":\"Please increment by \",\"formErrorsCorrectErrors\":\"Please correct errors before submitting this form.\",\"validateRequiredField\":\"This is a required field.\",\"honeypotHoneypotError\":\"Honeypot Error\",\"fieldsMarkedRequired\":\"Fields marked with an <span class=\\\"ninja-forms-req-symbol\\\">*<\\\/span> are required\",\"currency\":\"\",\"repeatable_fieldsets\":\"\",\"unique_field_error\":\"Formul\\u00e1\\u0159 s touto hodnotou ji\\u017e byl odesl\\u00e1n.\",\"not_logged_in_msg\":\"\",\"sub_limit_msg\":\"Formul\\u00e1\\u0159 dos\\u00e1hl limitu odesl\\u00e1n\\u00ed.\",\"calculations\":[],\"formContentData\":[\"jmeno_a_prijmeni_1628864964543\",\"email_1629187882790\",\"cilova_destinace_1628865037720\",\"datum_od_1629187865302\",\"datum_do_1629187854127\",\"poznamka_1629199441789\",\"submit_1628767026056\"],\"drawerDisabled\":false,\"allow_public_link\":0,\"embed_form\":\"\",\"ninjaForms\":\"Ninja Forms\",\"fieldTextareaRTEInsertLink\":\"Insert Link\",\"fieldTextareaRTEInsertMedia\":\"Insert Media\",\"fieldTextareaRTESelectAFile\":\"Select a file\",\"formHoneypot\":\"If you are a human seeing this field, please leave it empty.\",\"fileUploadOldCodeFileUploadInProgress\":\"File Upload in Progress.\",\"fileUploadOldCodeFileUpload\":\"FILE UPLOAD\",\"currencySymbol\":\"&#75;&#269;\",\"thousands_sep\":\",\",\"decimal_point\":\".\",\"siteLocale\":\"en_GB\",\"dateFormat\":\"d\\\/m\\\/Y\",\"startOfWeek\":\"1\",\"of\":\"of\",\"previousMonth\":\"Previous Month\",\"nextMonth\":\"Next Month\",\"months\":[\"January\",\"February\",\"March\",\"April\",\"May\",\"June\",\"July\",\"August\",\"September\",\"October\",\"November\",\"December\"],\"monthsShort\":[\"Jan\",\"Feb\",\"Mar\",\"Apr\",\"May\",\"Jun\",\"Jul\",\"Aug\",\"Sep\",\"Oct\",\"Nov\",\"Dec\"],\"weekdays\":[\"Sunday\",\"Monday\",\"Tuesday\",\"Wednesday\",\"Thursday\",\"Friday\",\"Saturday\"],\"weekdaysShort\":[\"Sun\",\"Mon\",\"Tue\",\"Wed\",\"Thu\",\"Fri\",\"Sat\"],\"weekdaysMin\":[\"Su\",\"Mo\",\"Tu\",\"We\",\"Th\",\"Fr\",\"Sa\"],\"recaptchaConsentMissing\":\"reCaptcha validation couldn&#039;t load.\",\"recaptchaMissingCookie\":\"reCaptcha v3 validation couldn&#039;t load the cookie needed to submit the form.\",\"recaptchaConsentEvent\":\"Accept reCaptcha cookies before sending the form.\",\"currency_symbol\":\"\",\"beforeForm\":\"\",\"beforeFields\":\"\",\"afterFields\":\"\",\"afterForm\":\"\"};form.fields=[{\"objectType\":\"Field\",\"objectDomain\":\"fields\",\"editActive\":false,\"order\":1,\"idAttribute\":\"id\",\"label\":\"Jm\\u00e9no a p\\u0159\\u00edjmen\\u00ed\",\"type\":\"lastname\",\"key\":\"jmeno_a_prijmeni_1628864964543\",\"label_pos\":\"above\",\"required\":1,\"default\":\"\",\"placeholder\":\"\",\"container_class\":\"\",\"element_class\":\"\",\"admin_label\":\"\",\"help_text\":\"\",\"custom_name_attribute\":\"lname\",\"personally_identifiable\":1,\"value\":\"\",\"drawerDisabled\":\"\",\"field_label\":\"Jm\\u00e9no a p\\u0159\\u00edjmen\\u00ed\",\"field_key\":\"jmeno_a_prijmeni_1628864964543\",\"id\":32,\"beforeField\":\"\",\"afterField\":\"\",\"parentType\":\"lastname\",\"element_templates\":[\"lastname\",\"input\"],\"old_classname\":\"\",\"wrap_template\":\"wrap\"},{\"objectType\":\"Field\",\"objectDomain\":\"fields\",\"editActive\":false,\"order\":2,\"idAttribute\":\"id\",\"label\":\"E-mail\",\"type\":\"email\",\"key\":\"email_1629187882790\",\"label_pos\":\"above\",\"required\":1,\"default\":\"\",\"placeholder\":\"\",\"container_class\":\"\",\"element_class\":\"\",\"admin_label\":\"\",\"help_text\":\"\",\"custom_name_attribute\":\"email\",\"personally_identifiable\":1,\"value\":\"\",\"field_label\":\"E-mail\",\"field_key\":\"email_1629187882790\",\"id\":36,\"beforeField\":\"\",\"afterField\":\"\",\"parentType\":\"email\",\"element_templates\":[\"email\",\"input\"],\"old_classname\":\"\",\"wrap_template\":\"wrap\"},{\"objectType\":\"Field\",\"objectDomain\":\"fields\",\"editActive\":false,\"order\":3,\"idAttribute\":\"id\",\"label\":\"C\\u00edlov\\u00e1 destinace\",\"type\":\"city\",\"key\":\"cilova_destinace_1628865037720\",\"label_pos\":\"above\",\"required\":1,\"default\":\"\",\"placeholder\":\"\",\"container_class\":\"\",\"element_class\":\"\",\"input_limit\":\"\",\"input_limit_type\":\"characters\",\"input_limit_msg\":\"Zb\\u00fdv\\u00e1 znak\\u016f\",\"manual_key\":\"\",\"admin_label\":\"\",\"help_text\":\"\",\"mask\":\"\",\"custom_mask\":\"\",\"custom_name_attribute\":\"city\",\"personally_identifiable\":\"\",\"value\":\"\",\"drawerDisabled\":\"\",\"field_label\":\"C\\u00edlov\\u00e1 destinace\",\"field_key\":\"cilova_destinace_1628865037720\",\"id\":34,\"beforeField\":\"\",\"afterField\":\"\",\"parentType\":\"city\",\"element_templates\":[\"city\",\"textbox\",\"input\"],\"old_classname\":\"\",\"wrap_template\":\"wrap\"},{\"objectType\":\"Field\",\"objectDomain\":\"fields\",\"editActive\":false,\"order\":4,\"idAttribute\":\"id\",\"label\":\"Datum od\",\"type\":\"date\",\"key\":\"datum_od_1629187865302\",\"label_pos\":\"above\",\"required\":1,\"placeholder\":\"\",\"container_class\":\"\",\"element_class\":\"\",\"manual_key\":\"\",\"admin_label\":\"\",\"help_text\":\"\",\"date_mode\":\"date_only\",\"date_format\":\"DD\\\/MM\\\/YYYY\",\"year_range_start\":\"\",\"year_range_end\":\"\",\"hours_24\":0,\"minute_increment\":5,\"drawerDisabled\":\"\",\"field_label\":\"Datum od\",\"field_key\":\"datum_od_1629187865302\",\"id\":35,\"beforeField\":\"\",\"afterField\":\"\",\"value\":\"\",\"parentType\":\"date\",\"element_templates\":[\"date\",\"textbox\",\"input\"],\"old_classname\":\"\",\"wrap_template\":\"wrap\"},{\"objectType\":\"Field\",\"objectDomain\":\"fields\",\"editActive\":false,\"order\":5,\"idAttribute\":\"id\",\"label\":\"Datum do\",\"type\":\"date\",\"key\":\"datum_do_1629187854127\",\"label_pos\":\"above\",\"required\":1,\"placeholder\":\"\",\"container_class\":\"\",\"element_class\":\"\",\"manual_key\":\"\",\"admin_label\":\"\",\"help_text\":\"\",\"date_mode\":\"date_only\",\"date_format\":\"DD\\\/MM\\\/YYYY\",\"year_range_start\":\"\",\"year_range_end\":\"\",\"hours_24\":0,\"minute_increment\":5,\"drawerDisabled\":\"\",\"field_label\":\"Datum do\",\"field_key\":\"datum_do_1629187854127\",\"id\":37,\"beforeField\":\"\",\"afterField\":\"\",\"value\":\"\",\"parentType\":\"date\",\"element_templates\":[\"date\",\"textbox\",\"input\"],\"old_classname\":\"\",\"wrap_template\":\"wrap\"},{\"objectType\":\"Field\",\"objectDomain\":\"fields\",\"editActive\":false,\"order\":6,\"idAttribute\":\"id\",\"label\":\"Pozn\\u00e1mka\",\"type\":\"textarea\",\"key\":\"poznamka_1629199441789\",\"label_pos\":\"above\",\"required\":\"\",\"default\":\"\",\"placeholder\":\"\",\"container_class\":\"\",\"element_class\":\"\",\"input_limit\":\"\",\"input_limit_type\":\"characters\",\"input_limit_msg\":\"Zb\\u00fdv\\u00e1 znak\\u016f\",\"manual_key\":\"\",\"admin_label\":\"\",\"help_text\":\"\",\"textarea_rte\":\"\",\"disable_rte_mobile\":\"\",\"textarea_media\":\"\",\"value\":\"\",\"drawerDisabled\":\"\",\"field_label\":\"Pozn\\u00e1mka\",\"field_key\":\"poznamka_1629199441789\",\"id\":38,\"beforeField\":\"\",\"afterField\":\"\",\"parentType\":\"textarea\",\"element_templates\":[\"textarea\",\"input\"],\"old_classname\":\"\",\"wrap_template\":\"wrap\"},{\"objectType\":\"Field\",\"objectDomain\":\"fields\",\"editActive\":false,\"order\":7,\"idAttribute\":\"id\",\"label\":\"Odeslat\",\"type\":\"submit\",\"processing_label\":\"Zpracov\\u00e1v\\u00e1m\",\"container_class\":\"\",\"element_class\":\"\",\"key\":\"submit_1628767026056\",\"field_label\":\"Odeslat\",\"field_key\":\"submit_1628767026056\",\"id\":33,\"beforeField\":\"\",\"afterField\":\"\",\"value\":\"\",\"label_pos\":\"above\",\"parentType\":\"textbox\",\"element_templates\":[\"submit\",\"button\",\"input\"],\"old_classname\":\"\",\"wrap_template\":\"wrap-no-label\"}];nfForms.push(form);<\/script>\n        <\/div><\/div><\/div><\/div><div class=\"vc_separator wpb_content_element vc_separator_align_center vc_sep_width_100 vc_sep_pos_align_center vc_separator_no_text vc_sep_color_grey\" ><span class=\"vc_sep_holder vc_sep_holder_l\"><span  class=\"vc_sep_line\"><\/span><\/span><span class=\"vc_sep_holder vc_sep_holder_r\"><span  class=\"vc_sep_line\"><\/span><\/span>\r\n<\/div><div class=\"vc_btn3-container vc_btn3-center\" ><a class=\"vc_general vc_btn3 vc_btn3-size-md vc_btn3-shape-rounded vc_btn3-style-btn-primary vc_btn3-color-grey\" href=\"\/en\/?ok-home#nabidka-sluzeb\" title=\"Home\">Other services<\/a><\/div><\/div><\/div><\/div><\/div><\/section>","protected":false},"excerpt":{"rendered":"J\u00edzdenky Vnitrost\u00e1tn\u00ed i mezin\u00e1rodn\u00ed j\u00edzdenky po cel\u00e9m sv\u011bt\u011b. Jsme hlavn\u00edm partnerem Francouzsk\u00e9 \u017eelezni\u010dn\u00ed spole\u010dnosti TGV. Popt\u00e1vkov\u00fd formul\u00e1\u0159 pro j\u00edzdednky Notice: JavaScript is required for this content. Dal\u0161\u00ed slu\u017eby","protected":false},"author":1,"featured_media":0,"parent":686,"menu_order":0,"comment_status":"closed","ping_status":"closed","template":"","meta":{"inline_featured_image":false,"footnotes":""},"class_list":["post-690","page","type-page","status-publish","hentry"],"_links":{"self":[{"href":"https:\/\/okletenky.cz\/en\/wp-json\/wp\/v2\/pages\/690","targetHints":{"allow":["GET"]}}],"collection":[{"href":"https:\/\/okletenky.cz\/en\/wp-json\/wp\/v2\/pages"}],"about":[{"href":"https:\/\/okletenky.cz\/en\/wp-json\/wp\/v2\/types\/page"}],"author":[{"embeddable":true,"href":"https:\/\/okletenky.cz\/en\/wp-json\/wp\/v2\/users\/1"}],"replies":[{"embeddable":true,"href":"https:\/\/okletenky.cz\/en\/wp-json\/wp\/v2\/comments?post=690"}],"version-history":[{"count":13,"href":"https:\/\/okletenky.cz\/en\/wp-json\/wp\/v2\/pages\/690\/revisions"}],"predecessor-version":[{"id":1496,"href":"https:\/\/okletenky.cz\/en\/wp-json\/wp\/v2\/pages\/690\/revisions\/1496"}],"up":[{"embeddable":true,"href":"https:\/\/okletenky.cz\/en\/wp-json\/wp\/v2\/pages\/686"}],"wp:attachment":[{"href":"https:\/\/okletenky.cz\/en\/wp-json\/wp\/v2\/media?parent=690"}],"curies":[{"name":"wp","href":"https:\/\/api.w.org\/{rel}","templated":true}]}}