{"id":691,"date":"2018-03-22T20:30:57","date_gmt":"2018-03-22T20:30:57","guid":{"rendered":"http:\/\/demo.curlythemes.com\/private-jet\/?page_id=398"},"modified":"2021-11-03T12:09:26","modified_gmt":"2021-11-03T12:09:26","slug":"ok-hotely","status":"publish","type":"page","link":"https:\/\/okletenky.cz\/en\/ok-sluzby\/ok-hotely\/","title":{"rendered":"ok-Hotely"},"content":{"rendered":"<section class=\"vc_section\"><div id=\"service-label\" data-stellar-offset-parent=\"true\"  class=\"vc_row wpb_row vc_row-fluid content-padding vc_row-o-equal-height vc_row-flex\"><div  class=\"wpb_column vc_column_container vc_col-sm-12\"><div class=\"vc_column-inner\" style=\"\" ><div class=\"wpb_wrapper\">\r\n\t<div class=\"wpb_text_column wpb_content_element\" >\r\n\t\t<div class=\"wpb_wrapper\">\r\n\t\t\t<h4 style=\"text-align: center;\">Online booking<\/h4>\n\r\n\t\t<\/div>\r\n\t<\/div>\r\n<\/div><\/div><\/div><\/div><div id=\"service-iframe\" data-stellar-offset-parent=\"true\"  class=\"vc_row wpb_row vc_row-fluid content-padding\"><div  class=\"wpb_column vc_column_container vc_col-sm-12\"><div class=\"vc_column-inner\" style=\"\" ><div class=\"wpb_wrapper\">\r\n\t<div class=\"wpb_raw_code wpb_raw_js\" >\r\n\t\t<div class=\"wpb_wrapper\">\r\n\t\t\t<script src=\"https:\/\/cpa.ostrovok.ru\/static\/widget\/scripts\/9b762f5cf88976a4d32aa6c3cd868a02.js\" type=\"text\/javascript\" async><\/script>\n \r\n\t\t<\/div>\r\n\t<\/div>\r\n<div class=\"vc_empty_space\"   style=\"height: 32px\"><span class=\"vc_empty_space_inner\"><\/span><\/div><\/div><\/div><\/div><\/div><div id=\"service-article\" data-stellar-offset-parent=\"true\"  class=\"vc_row wpb_row vc_row-fluid content-padding vc_row-o-content-middle vc_row-flex\"><div  class=\"z-index--2 wpb_column vc_column_container vc_col-sm-4\"><div class=\"vc_column-inner\" style=\"\" ><div class=\"wpb_wrapper\">\r\n\t<div class=\"wpb_single_image wpb_content_element vc_align_left   xtd-responsive-margin-negative--right-80\" style=\" \" >\r\n\t\t\r\n\t\t<figure class=\"wpb_wrapper vc_figure\">\r\n\t\t\t<div class=\"vc_single_image-wrapper xtd-shadow--large-light  vc_box_border_grey\"><img loading=\"lazy\" decoding=\"async\" width=\"1922\" height=\"1076\" src=\"https:\/\/okletenky.cz\/wp-content\/uploads\/2021\/08\/HOTELY_zvonecek.jpg\" class=\"vc_single_image-img attachment-full\" alt=\"\" srcset=\"https:\/\/okletenky.cz\/wp-content\/uploads\/2021\/08\/HOTELY_zvonecek.jpg 1922w, https:\/\/okletenky.cz\/wp-content\/uploads\/2021\/08\/HOTELY_zvonecek-300x168.jpg 300w, https:\/\/okletenky.cz\/wp-content\/uploads\/2021\/08\/HOTELY_zvonecek-1024x573.jpg 1024w, https:\/\/okletenky.cz\/wp-content\/uploads\/2021\/08\/HOTELY_zvonecek-768x430.jpg 768w, https:\/\/okletenky.cz\/wp-content\/uploads\/2021\/08\/HOTELY_zvonecek-1536x860.jpg 1536w\" sizes=\"auto, (max-width: 1922px) 100vw, 1922px\" \/><\/div>\r\n\t\t<\/figure>\r\n\t<\/div>\r\n<div class=\"vc_empty_space\"   style=\"height: 2rem\"><span class=\"vc_empty_space_inner\"><\/span><\/div><\/div><\/div><\/div><div  class=\"wpb_column vc_column_container vc_col-sm-8 vc_col-has-fill\"><div class=\"vc_column-inner vc_custom_1521565908570\" style=\"\" ><div class=\"wpb_wrapper\"><div class=\"vc_row wpb_row vc_inner vc_row-fluid\"><div class=\"wpb_column vc_column_container vc_col-sm-6 vc_col-sm-offset-5\"><div class=\"vc_column-inner\"><div class=\"wpb_wrapper\">\r\n\t<div class=\"wpb_text_column wpb_content_element\" >\r\n\t\t<div class=\"wpb_wrapper\">\r\n\t\t\t<h5>Accommodation<\/h5>\n<p>Take advantage of our wide network of partner hotels located around the world. Get accommodation of all categories at unbeatable conditions.<\/p>\n\r\n\t\t<\/div>\r\n\t<\/div>\r\n<div class=\"vc_separator wpb_content_element vc_separator_align_center vc_sep_width_100 vc_sep_pos_align_center vc_separator_no_text vc_sep_color_grey\" ><span class=\"vc_sep_holder vc_sep_holder_l\"><span  class=\"vc_sep_line\"><\/span><\/span><span class=\"vc_sep_holder vc_sep_holder_r\"><span  class=\"vc_sep_line\"><\/span><\/span>\r\n<\/div><\/div><\/div><\/div><\/div><div class=\"vc_btn3-container vc_btn3-center\" ><a class=\"vc_general vc_btn3 vc_btn3-size-md vc_btn3-shape-rounded vc_btn3-style-btn-primary vc_btn3-color-grey\" href=\"\/en\/?ok-home#nabidka-sluzeb\" title=\"Home\">Other services<\/a><\/div><\/div><\/div><\/div><\/div><\/section>","protected":false},"excerpt":{"rendered":"Rezervace on-line Ubytov\u00e1n\u00ed Vyu\u017eijte na\u0161\u00ed \u0161irok\u00e9 s\u00edt\u011b partnersk\u00fdch hotel\u016f um\u00edst\u011bn\u00fdch po cel\u00e9m sv\u011bte. Z\u00edskejte ubytov\u00e1n\u00ed v\u0161ech kategori\u00ed za bezkonkuren\u010dn\u00edch podm\u00ednek. Dal\u0161\u00ed slu\u017eby","protected":false},"author":1,"featured_media":0,"parent":686,"menu_order":0,"comment_status":"closed","ping_status":"closed","template":"","meta":{"inline_featured_image":false,"footnotes":""},"class_list":["post-691","page","type-page","status-publish","hentry"],"_links":{"self":[{"href":"https:\/\/okletenky.cz\/en\/wp-json\/wp\/v2\/pages\/691","targetHints":{"allow":["GET"]}}],"collection":[{"href":"https:\/\/okletenky.cz\/en\/wp-json\/wp\/v2\/pages"}],"about":[{"href":"https:\/\/okletenky.cz\/en\/wp-json\/wp\/v2\/types\/page"}],"author":[{"embeddable":true,"href":"https:\/\/okletenky.cz\/en\/wp-json\/wp\/v2\/users\/1"}],"replies":[{"embeddable":true,"href":"https:\/\/okletenky.cz\/en\/wp-json\/wp\/v2\/comments?post=691"}],"version-history":[{"count":16,"href":"https:\/\/okletenky.cz\/en\/wp-json\/wp\/v2\/pages\/691\/revisions"}],"predecessor-version":[{"id":1494,"href":"https:\/\/okletenky.cz\/en\/wp-json\/wp\/v2\/pages\/691\/revisions\/1494"}],"up":[{"embeddable":true,"href":"https:\/\/okletenky.cz\/en\/wp-json\/wp\/v2\/pages\/686"}],"wp:attachment":[{"href":"https:\/\/okletenky.cz\/en\/wp-json\/wp\/v2\/media?parent=691"}],"curies":[{"name":"wp","href":"https:\/\/api.w.org\/{rel}","templated":true}]}}