{"id":692,"date":"2018-03-22T20:37:32","date_gmt":"2018-03-22T20:37:32","guid":{"rendered":"http:\/\/demo.curlythemes.com\/private-jet\/?page_id=402"},"modified":"2021-11-03T12:10:03","modified_gmt":"2021-11-03T12:10:03","slug":"ok-pujcovna-aut","status":"publish","type":"page","link":"https:\/\/okletenky.cz\/en\/ok-sluzby\/ok-pujcovna-aut\/","title":{"rendered":"ok-Pujcovna-aut"},"content":{"rendered":"<section class=\"vc_section\"><div id=\"service-label\" data-stellar-offset-parent=\"true\"  class=\"vc_row wpb_row vc_row-fluid content-padding vc_row-o-equal-height vc_row-flex\"><div  class=\"wpb_column vc_column_container vc_col-sm-12\"><div class=\"vc_column-inner\" style=\"\" ><div class=\"wpb_wrapper\">\r\n\t<div class=\"wpb_text_column wpb_content_element\" >\r\n\t\t<div class=\"wpb_wrapper\">\r\n\t\t\t<h4 style=\"text-align: center;\">Online booking<\/h4>\n\r\n\t\t<\/div>\r\n\t<\/div>\r\n<\/div><\/div><\/div><\/div><div id=\"service-iframe\" data-stellar-offset-parent=\"true\"  class=\"vc_row wpb_row vc_row-fluid content-padding\"><div  class=\"wpb_column vc_column_container vc_col-sm-2\"><div class=\"vc_column-inner\" style=\"\" ><div class=\"wpb_wrapper\"><\/div><\/div><\/div><div  class=\"wpb_column vc_column_container vc_col-sm-8\"><div class=\"vc_column-inner\" style=\"\" ><div class=\"wpb_wrapper\">\r\n\t<div class=\"wpb_raw_code wpb_content_element wpb_raw_html\" >\r\n\t\t<div class=\"wpb_wrapper\">\r\n\t\t\t   <style type=\"text\/css\">\n\n   \t#xrc-connect-container { border: 1px solid green; max-width: 60%; height: 520px; margin: 0px; padding: 0px; background-color: red;}\n   \t\n   <\/style>\n\n\n<div id=\"rc-connect-container\"><\/div>\n\r\n\t\t<\/div>\r\n\t<\/div>\r\n\r\n\t<div class=\"wpb_raw_code wpb_raw_js\" >\r\n\t\t<div class=\"wpb_wrapper\">\r\n\t\t\t<script id='rc-connect' src='https:\/\/www.rentalcars.com\/partners\/integrations\/connect\/connect.js' data-container='rc-connect-container' data-preflang='cs' data-enable-return-checkbox='true' data-rcid='okletenkypro'><\/script>\r\n\t\t<\/div>\r\n\t<\/div>\r\n<\/div><\/div><\/div><div  class=\"wpb_column vc_column_container vc_col-sm-2\"><div class=\"vc_column-inner\" style=\"\" ><div class=\"wpb_wrapper\"><\/div><\/div><\/div><\/div><div id=\"service-article\" data-stellar-offset-parent=\"true\"  class=\"vc_row wpb_row vc_row-fluid content-padding vc_row-o-content-middle vc_row-flex\"><div  class=\"z-index--2 wpb_column vc_column_container vc_col-sm-4\"><div class=\"vc_column-inner\" style=\"\" ><div class=\"wpb_wrapper\">\r\n\t<div class=\"wpb_single_image wpb_content_element vc_align_left   xtd-responsive-margin-negative--right-80\" style=\" \" >\r\n\t\t\r\n\t\t<figure class=\"wpb_wrapper vc_figure\">\r\n\t\t\t<div class=\"vc_single_image-wrapper xtd-shadow--large-light  vc_box_border_grey\"><img loading=\"lazy\" decoding=\"async\" width=\"1920\" height=\"1280\" src=\"https:\/\/okletenky.cz\/wp-content\/uploads\/2021\/11\/auto.jpg\" class=\"vc_single_image-img attachment-full\" alt=\"\" srcset=\"https:\/\/okletenky.cz\/wp-content\/uploads\/2021\/11\/auto.jpg 1920w, https:\/\/okletenky.cz\/wp-content\/uploads\/2021\/11\/auto-300x200.jpg 300w, https:\/\/okletenky.cz\/wp-content\/uploads\/2021\/11\/auto-1024x683.jpg 1024w, https:\/\/okletenky.cz\/wp-content\/uploads\/2021\/11\/auto-768x512.jpg 768w, https:\/\/okletenky.cz\/wp-content\/uploads\/2021\/11\/auto-1536x1024.jpg 1536w\" sizes=\"auto, (max-width: 1920px) 100vw, 1920px\" \/><\/div>\r\n\t\t<\/figure>\r\n\t<\/div>\r\n<div class=\"vc_empty_space\"   style=\"height: 2rem\"><span class=\"vc_empty_space_inner\"><\/span><\/div><\/div><\/div><\/div><div  class=\"wpb_column vc_column_container vc_col-sm-8 vc_col-has-fill\"><div class=\"vc_column-inner vc_custom_1521565908570\" style=\"\" ><div class=\"wpb_wrapper\"><div class=\"vc_row wpb_row vc_inner vc_row-fluid\"><div class=\"wpb_column vc_column_container vc_col-sm-6 vc_col-sm-offset-5\"><div class=\"vc_column-inner\"><div class=\"wpb_wrapper\">\r\n\t<div class=\"wpb_text_column wpb_content_element\" >\r\n\t\t<div class=\"wpb_wrapper\">\r\n\t\t\t<h5>Car rental<\/h5>\n<p>Rent cars and vans of all sizes and classes worldwide at reasonable prices. Possibility of using a prepaid voucher, delivery of the car to the place of residence\/employment. Necessary insurances included in the rental.<\/p>\n\r\n\t\t<\/div>\r\n\t<\/div>\r\n<div class=\"vc_separator wpb_content_element vc_separator_align_center vc_sep_width_100 vc_sep_pos_align_center vc_separator_no_text vc_sep_color_grey\" ><span class=\"vc_sep_holder vc_sep_holder_l\"><span  class=\"vc_sep_line\"><\/span><\/span><span class=\"vc_sep_holder vc_sep_holder_r\"><span  class=\"vc_sep_line\"><\/span><\/span>\r\n<\/div><\/div><\/div><\/div><\/div><div class=\"vc_btn3-container vc_btn3-center\" ><a class=\"vc_general vc_btn3 vc_btn3-size-md vc_btn3-shape-rounded vc_btn3-style-btn-primary vc_btn3-color-grey\" href=\"\/en\/?ok-home#nabidka-sluzeb\" title=\"Home\">Other services<\/a><\/div><\/div><\/div><\/div><\/div><\/section>","protected":false},"excerpt":{"rendered":"Rezervace on-line Pron\u00e1jem automobilu Pron\u00e1jem osobn\u00edch automobil\u016f\u00a0 a dod\u00e1vek v\u0161ech velikost\u00ed a t\u0159\u00edd po cel\u00e9m sv\u011bt\u011b za rozumnou cenu. Mo\u017enost vyu\u017eit\u00ed p\u0159edplacen\u00e9ho voucheru, p\u0159istaven\u00ed vozu k\u00a0m\u00edstu bydli\u0161t\u011b\/zam\u011bstn\u00e1n\u00ed. Pot\u0159ebn\u00e1 poji\u0161t\u011bn\u00ed sou\u010d\u00e1st\u00ed pron\u00e1jmu. Dal\u0161\u00ed slu\u017eby","protected":false},"author":1,"featured_media":0,"parent":686,"menu_order":0,"comment_status":"closed","ping_status":"closed","template":"","meta":{"inline_featured_image":false,"footnotes":""},"class_list":["post-692","page","type-page","status-publish","hentry"],"_links":{"self":[{"href":"https:\/\/okletenky.cz\/en\/wp-json\/wp\/v2\/pages\/692","targetHints":{"allow":["GET"]}}],"collection":[{"href":"https:\/\/okletenky.cz\/en\/wp-json\/wp\/v2\/pages"}],"about":[{"href":"https:\/\/okletenky.cz\/en\/wp-json\/wp\/v2\/types\/page"}],"author":[{"embeddable":true,"href":"https:\/\/okletenky.cz\/en\/wp-json\/wp\/v2\/users\/1"}],"replies":[{"embeddable":true,"href":"https:\/\/okletenky.cz\/en\/wp-json\/wp\/v2\/comments?post=692"}],"version-history":[{"count":31,"href":"https:\/\/okletenky.cz\/en\/wp-json\/wp\/v2\/pages\/692\/revisions"}],"predecessor-version":[{"id":1495,"href":"https:\/\/okletenky.cz\/en\/wp-json\/wp\/v2\/pages\/692\/revisions\/1495"}],"up":[{"embeddable":true,"href":"https:\/\/okletenky.cz\/en\/wp-json\/wp\/v2\/pages\/686"}],"wp:attachment":[{"href":"https:\/\/okletenky.cz\/en\/wp-json\/wp\/v2\/media?parent=692"}],"curies":[{"name":"wp","href":"https:\/\/api.w.org\/{rel}","templated":true}]}}