{"id":693,"date":"2018-03-22T20:40:07","date_gmt":"2018-03-22T20:40:07","guid":{"rendered":"http:\/\/demo.curlythemes.com\/private-jet\/?page_id=405"},"modified":"2022-03-09T08:15:55","modified_gmt":"2022-03-09T08:15:55","slug":"ok-letenky","status":"publish","type":"page","link":"https:\/\/okletenky.cz\/en\/ok-sluzby\/ok-letenky\/","title":{"rendered":"ok-Letenky"},"content":{"rendered":"<section class=\"vc_section\"><div id=\"service-label\" data-stellar-offset-parent=\"true\"  class=\"vc_row wpb_row vc_row-fluid content-padding\"><div  class=\"wpb_column vc_column_container vc_col-sm-12\"><div class=\"vc_column-inner\" style=\"\" ><div class=\"wpb_wrapper\">\r\n\t<div class=\"wpb_text_column wpb_content_element\" >\r\n\t\t<div class=\"wpb_wrapper\">\r\n\t\t\t<h4 style=\"text-align: center;\">Online booking<\/h4>\n\r\n\t\t<\/div>\r\n\t<\/div>\r\n<\/div><\/div><\/div><\/div><div id=\"service-iframe\" data-stellar-offset-parent=\"true\"  class=\"vc_row wpb_row vc_row-fluid content-padding\"><div  class=\"wpb_column vc_column_container vc_col-sm-12\"><div class=\"vc_column-inner\" style=\"\" ><div class=\"wpb_wrapper\">\r\n\t<div class=\"wpb_raw_code wpb_content_element wpb_raw_html\" >\r\n\t\t<div class=\"wpb_wrapper\">\r\n\t\t\t   <style type=\"text\/css\">\n   \t.golSearchFlightsIframe { border: none; width: 100%; max-width: 100%; height: 520px; margin: 0px; padding: 0px; background-color: transparent;}\n   <\/style>\n\n\n   \t<iframe class=\"golSearchFlightsIframe\" src=\"https:\/\/okletenky.golibe.com\/iframe\" frameborder=\"0\" allowtransparency=\"true\">\n   <\/iframe>\r\n\t\t<\/div>\r\n\t<\/div>\r\n<\/div><\/div><\/div><\/div><div id=\"service-article\" data-stellar-offset-parent=\"true\"  class=\"vc_row wpb_row vc_row-fluid content-padding vc_row-o-content-middle vc_row-flex\"><div  class=\"z-index--2 wpb_column vc_column_container vc_col-sm-4\"><div class=\"vc_column-inner\" style=\"\" ><div class=\"wpb_wrapper\">\r\n\t<div class=\"wpb_single_image wpb_content_element vc_align_left   xtd-responsive-margin-negative--right-80\" style=\" \" >\r\n\t\t\r\n\t\t<figure class=\"wpb_wrapper vc_figure\">\r\n\t\t\t<div class=\"vc_single_image-wrapper xtd-shadow--large-light  vc_box_border_grey\"><img loading=\"lazy\" decoding=\"async\" width=\"1920\" height=\"1271\" src=\"https:\/\/okletenky.cz\/wp-content\/uploads\/2021\/11\/Letenky.jpg\" class=\"vc_single_image-img attachment-full\" alt=\"\" srcset=\"https:\/\/okletenky.cz\/wp-content\/uploads\/2021\/11\/Letenky.jpg 1920w, https:\/\/okletenky.cz\/wp-content\/uploads\/2021\/11\/Letenky-300x199.jpg 300w, https:\/\/okletenky.cz\/wp-content\/uploads\/2021\/11\/Letenky-1024x678.jpg 1024w, https:\/\/okletenky.cz\/wp-content\/uploads\/2021\/11\/Letenky-768x508.jpg 768w, https:\/\/okletenky.cz\/wp-content\/uploads\/2021\/11\/Letenky-1536x1017.jpg 1536w\" sizes=\"auto, (max-width: 1920px) 100vw, 1920px\" \/><\/div>\r\n\t\t<\/figure>\r\n\t<\/div>\r\n<div class=\"vc_empty_space\"   style=\"height: 2rem\"><span class=\"vc_empty_space_inner\"><\/span><\/div><\/div><\/div><\/div><div  class=\"wpb_column vc_column_container vc_col-sm-8 vc_col-has-fill\"><div class=\"vc_column-inner vc_custom_1521565908570\" style=\"\" ><div class=\"wpb_wrapper\"><div class=\"vc_row wpb_row vc_inner vc_row-fluid\"><div class=\"wpb_column vc_column_container vc_col-sm-6 vc_col-sm-offset-5\"><div class=\"vc_column-inner\"><div class=\"wpb_wrapper\">\r\n\t<div class=\"wpb_text_column wpb_content_element\" >\r\n\t\t<div class=\"wpb_wrapper\">\r\n\t\t\t<h5>Air Tickets<\/h5>\n<p>Why book a ticket with us?<\/p>\n<ul>\n<li>A wide range of tickets from regular and low-cost carriers at fair prices,<\/li>\n<li>Individual and group flights in the hands of professionals,<\/li>\n<li>Possibility of off-line and on-line reservations,<\/li>\n<li>Secure payment first,<\/li>\n<li>Quality service for contractors 24\/7,<\/li>\n<li>Reservation overview for registered users,<\/li>\n<li>On-line corporate solution with the ability to set travel policies,<\/li>\n<li>Accredited IATA CK with experience in the industry since 1990<\/li>\n<\/ul>\n\r\n\t\t<\/div>\r\n\t<\/div>\r\n<div class=\"vc_separator wpb_content_element vc_separator_align_center vc_sep_width_100 vc_sep_pos_align_center vc_separator_no_text vc_sep_color_grey\" ><span class=\"vc_sep_holder vc_sep_holder_l\"><span  class=\"vc_sep_line\"><\/span><\/span><span class=\"vc_sep_holder vc_sep_holder_r\"><span  class=\"vc_sep_line\"><\/span><\/span>\r\n<\/div><div class=\"vc_btn3-container vc_btn3-center\" ><a class=\"vc_general vc_btn3 vc_btn3-size-md vc_btn3-shape-rounded vc_btn3-style-btn-primary vc_btn3-color-grey\" href=\"\/en\/?ok-home#nabidka-sluzeb\" title=\"Home\">Other services<\/a><\/div><\/div><\/div><\/div><\/div><\/div><\/div><\/div><\/div><\/section>","protected":false},"excerpt":{"rendered":"Rezervace on-line Letenky Pro\u010d rezervovat letenku u n\u00e1s? \u0160irok\u00e1 nab\u00eddka letenek pravideln\u00fdch i n\u00edzkon\u00e1kladov\u00fdch dopravc\u016f za f\u00e9rov\u00e9 ceny, Individu\u00e1ln\u00ed i skupinov\u00e9 lety v\u00a0rukou profesion\u00e1l\u016f, Mo\u017enost off-line i on-line rezervac\u00ed, Bezpe\u010dn\u00e1 platba na prvn\u00edm m\u00edst\u011b, Kvalitn\u00ed servis pro smluvn\u00ed partnery 24\/7, P\u0159ehled rezervac\u00ed pro registrovan\u00e9 u\u017eivatele, On-line firemn\u00ed \u0159e\u0161en\u00ed s\u00a0mo\u017enost\u00ed nastaven\u00ed cestovn\u00edch politik, Akreditovan\u00e1 IATA CK se zku\u0161enostmi v\u00a0oboru ji\u017e od [...]","protected":false},"author":1,"featured_media":0,"parent":686,"menu_order":0,"comment_status":"closed","ping_status":"closed","template":"","meta":{"inline_featured_image":false,"footnotes":""},"class_list":["post-693","page","type-page","status-publish","hentry"],"_links":{"self":[{"href":"https:\/\/okletenky.cz\/en\/wp-json\/wp\/v2\/pages\/693","targetHints":{"allow":["GET"]}}],"collection":[{"href":"https:\/\/okletenky.cz\/en\/wp-json\/wp\/v2\/pages"}],"about":[{"href":"https:\/\/okletenky.cz\/en\/wp-json\/wp\/v2\/types\/page"}],"author":[{"embeddable":true,"href":"https:\/\/okletenky.cz\/en\/wp-json\/wp\/v2\/users\/1"}],"replies":[{"embeddable":true,"href":"https:\/\/okletenky.cz\/en\/wp-json\/wp\/v2\/comments?post=693"}],"version-history":[{"count":127,"href":"https:\/\/okletenky.cz\/en\/wp-json\/wp\/v2\/pages\/693\/revisions"}],"predecessor-version":[{"id":1588,"href":"https:\/\/okletenky.cz\/en\/wp-json\/wp\/v2\/pages\/693\/revisions\/1588"}],"up":[{"embeddable":true,"href":"https:\/\/okletenky.cz\/en\/wp-json\/wp\/v2\/pages\/686"}],"wp:attachment":[{"href":"https:\/\/okletenky.cz\/en\/wp-json\/wp\/v2\/media?parent=693"}],"curies":[{"name":"wp","href":"https:\/\/api.w.org\/{rel}","templated":true}]}}