{"id":694,"date":"2018-03-17T13:56:29","date_gmt":"2018-03-17T13:56:29","guid":{"rendered":"http:\/\/demo.curlythemes.com\/private-jet\/?page_id=2"},"modified":"2026-04-13T08:50:22","modified_gmt":"2026-04-13T08:50:22","slug":"ok-home","status":"publish","type":"page","link":"https:\/\/okletenky.cz\/en\/","title":{"rendered":"ok-Home"},"content":{"rendered":"<section data-vc-full-width=\"true\" data-vc-full-width-init=\"false\" class=\"vc_section vc_custom_1634210192566 vc_section-has-fill vc_row-o-full-height vc_section-o-content-middle vc_section-flex\"><div data-stellar-offset-parent=\"true\"  class=\"vc_row wpb_row vc_row-fluid color--text-inverted xtd-text-shadow--small-normal content-padding\"><div  class=\"wpb_column vc_column_container vc_col-sm-12 vc_col-lg-offset-2 vc_col-lg-8 vc_col-md-offset-1 vc_col-md-10\"><div class=\"vc_column-inner\" style=\"\" ><div class=\"wpb_wrapper\"><div class=\"vc_empty_space\"   style=\"height: 6rem\"><span class=\"vc_empty_space_inner\"><\/span><\/div>\r\n\t<div class=\"wpb_text_column wpb_content_element\" >\r\n\t\t<div class=\"wpb_wrapper\">\r\n\t\t\t<h1 style=\"text-align: center;\">Comprehensive travel services for business and private travel<\/h1>\n\r\n\t\t<\/div>\r\n\t<\/div>\r\n<\/div><\/div><\/div><\/div><\/section><div class=\"vc_row-full-width vc_clearfix\"><\/div><section id=\"nabidka-sluzeb\" data-vc-full-width=\"true\" data-vc-full-width-init=\"false\" class=\"vc_section\"><div data-stellar-offset-parent=\"true\"  class=\"vc_row wpb_row vc_row-fluid content-padding vc_custom_1521324582842\"><div  class=\"wpb_column vc_column_container vc_col-sm-12 vc_col-lg-offset-2 vc_col-lg-8\"><div class=\"vc_column-inner\" style=\"\" ><div class=\"wpb_wrapper\">\r\n\t<div class=\"wpb_text_column wpb_content_element\" >\r\n\t\t<div class=\"wpb_wrapper\">\r\n\t\t\t<h2 style=\"text-align: center;\">Comprehensive arrangements for your trip<\/h2>\n\r\n\t\t<\/div>\r\n\t<\/div>\r\n<\/div><\/div><\/div><\/div><div data-vc-full-width=\"true\" data-vc-full-width-init=\"false\" data-vc-stretch-content=\"true\" data-stellar-offset-parent=\"true\"  class=\"vc_row wpb_row vc_row-fluid content-padding vc_row-o-equal-height vc_row-o-content-middle vc_row-flex\"><div  class=\"z-index--2 wpb_column vc_column_container vc_col-sm-3\"><div class=\"vc_column-inner\" style=\"\" ><div class=\"wpb_wrapper\"><div class=\"wpb_images_carousel wpb_content_element vc_clearfix https:\/\/okletenkycz\/cestujte-s-turkish-airlines-a-objevujte-svet-v-pohodli\/\"><div class=\"wpb_wrapper\"><div id=\"vc_images-carousel-1-1777502473\" data-ride=\"vc_carousel\" data-wrap=\"true\" style=\"width: 100%;\" data-interval=\"3000\" data-auto-height=\"yes\" data-mode=\"vertical\" data-partial=\"false\" data-per-view=\"1\" data-hide-on-end=\"false\" class=\"vc_slide vc_images_carousel\"><ol class=\"vc_carousel-indicators\"><li data-target=\"#vc_images-carousel-1-1777502473\" data-slide-to=\"0\"><\/li><li data-target=\"#vc_images-carousel-1-1777502473\" data-slide-to=\"1\"><\/li><li data-target=\"#vc_images-carousel-1-1777502473\" data-slide-to=\"2\"><\/li><\/ol><div class=\"vc_carousel-inner\"><div class=\"vc_carousel-slideline\"><div class=\"vc_carousel-slideline-inner\"><div class=\"vc_item\"><div class=\"vc_inner\"><a href=\"https:\/\/okletenky.cz\/en\/nejlepsi-cast-cesty\/\" target=\"_blank\"><img decoding=\"async\" src=\"https:\/\/okletenky.cz\/wp-content\/plugins\/js_composer\/assets\/vc\/no_image.png\" \/><\/a><\/div><\/div><div class=\"vc_item\"><div class=\"vc_inner\"><img decoding=\"async\" src=\"https:\/\/okletenky.cz\/wp-content\/plugins\/js_composer\/assets\/vc\/no_image.png\" \/><\/div><\/div><div class=\"vc_item\"><div class=\"vc_inner\"><img decoding=\"async\" src=\"https:\/\/okletenky.cz\/wp-content\/plugins\/js_composer\/assets\/vc\/no_image.png\" \/><\/div><\/div><\/div><\/div><\/div><\/div><\/div><\/div><\/div><\/div><\/div><div  class=\"wpb_column vc_column_container vc_col-sm-9 vc_col-has-fill\"><div class=\"vc_column-inner vc_custom_1521324981689\" style=\"\" ><div class=\"wpb_wrapper\"><div class=\"vc_empty_space\"   style=\"height: 4rem\"><span class=\"vc_empty_space_inner\"><\/span><\/div><div class=\"vc_row wpb_row vc_inner vc_row-fluid\"><div class=\"wpb_column vc_column_container vc_col-sm-3 vc_col-sm-offset-3 vc_col-xs-offset-1 vc_col-xs-10\"><div class=\"vc_column-inner\"><div class=\"wpb_wrapper\">\r\n\t<div class=\"wpb_single_image wpb_content_element vc_align_center\" style=\" width: 4rem;\" >\r\n\t\t\r\n\t\t<figure class=\"wpb_wrapper vc_figure\">\r\n\t\t\t<div class=\"vc_single_image-wrapper   vc_box_border_grey\"><img loading=\"lazy\" decoding=\"async\" width=\"128\" height=\"128\" src=\"https:\/\/okletenky.cz\/wp-content\/uploads\/2021\/08\/3127251.png\" class=\"vc_single_image-img attachment-thumbnail\" alt=\"\" \/><\/div>\r\n\t\t<\/figure>\r\n\t<\/div>\r\n\r\n\t<div class=\"wpb_text_column wpb_content_element\" >\r\n\t\t<div class=\"wpb_wrapper\">\r\n\t\t\t<h4 style=\"text-align: center;\"><strong>Air Tickets<\/strong><\/h4>\n\r\n\t\t<\/div>\r\n\t<\/div>\r\n<div class=\"vc_btn3-container vc_btn3-center\" ><a class=\"vc_general vc_btn3 vc_btn3-size-md vc_btn3-shape-rounded vc_btn3-style-classic vc_btn3-color-grey\" href=\"?page_id=693\" title=\"Air Tickets\">Book online<\/a><\/div><\/div><\/div><\/div><div class=\"wpb_column vc_column_container vc_col-sm-3 vc_col-sm-offset-1 vc_col-xs-offset-1 vc_col-xs-10\"><div class=\"vc_column-inner\"><div class=\"wpb_wrapper\">\r\n\t<div class=\"wpb_single_image wpb_content_element vc_align_center\" style=\" width: 4rem;\" >\r\n\t\t\r\n\t\t<figure class=\"wpb_wrapper vc_figure\">\r\n\t\t\t<div class=\"vc_single_image-wrapper   vc_box_border_grey\"><img loading=\"lazy\" decoding=\"async\" width=\"128\" height=\"128\" src=\"https:\/\/okletenky.cz\/wp-content\/uploads\/2021\/08\/3069333.png\" class=\"vc_single_image-img attachment-thumbnail\" alt=\"\" \/><\/div>\r\n\t\t<\/figure>\r\n\t<\/div>\r\n\r\n\t<div class=\"wpb_text_column wpb_content_element\" >\r\n\t\t<div class=\"wpb_wrapper\">\r\n\t\t\t<h4 style=\"text-align: center;\"><strong>Accommodation<\/strong><\/h4>\n\r\n\t\t<\/div>\r\n\t<\/div>\r\n<div class=\"vc_btn3-container vc_btn3-center\" ><a class=\"vc_general vc_btn3 vc_btn3-size-md vc_btn3-shape-rounded vc_btn3-style-classic vc_btn3-color-grey\" href=\"?page_id=691\" title=\"Hotely\">Book online<\/a><\/div><\/div><\/div><\/div><\/div><div class=\"vc_empty_space\"   style=\"height: 2rem\"><span class=\"vc_empty_space_inner\"><\/span><\/div><div class=\"vc_row wpb_row vc_inner vc_row-fluid\"><div class=\"wpb_column vc_column_container vc_col-sm-3 vc_col-sm-offset-3 vc_col-xs-offset-1 vc_col-xs-10\"><div class=\"vc_column-inner\"><div class=\"wpb_wrapper\">\r\n\t<div class=\"wpb_single_image wpb_content_element vc_align_center\" style=\" width: 4rem;\" >\r\n\t\t\r\n\t\t<figure class=\"wpb_wrapper vc_figure\">\r\n\t\t\t<div class=\"vc_single_image-wrapper   vc_box_border_grey\"><img loading=\"lazy\" decoding=\"async\" width=\"128\" height=\"128\" src=\"https:\/\/okletenky.cz\/wp-content\/uploads\/2021\/08\/3127201.png\" class=\"vc_single_image-img attachment-thumbnail\" alt=\"\" \/><\/div>\r\n\t\t<\/figure>\r\n\t<\/div>\r\n\r\n\t<div class=\"wpb_text_column wpb_content_element\" >\r\n\t\t<div class=\"wpb_wrapper\">\r\n\t\t\t<h4 style=\"text-align: center;\"><strong>Car rental<\/strong><\/h4>\n\r\n\t\t<\/div>\r\n\t<\/div>\r\n<div class=\"vc_btn3-container vc_btn3-center\" ><a class=\"vc_general vc_btn3 vc_btn3-size-md vc_btn3-shape-rounded vc_btn3-style-classic vc_btn3-color-grey\" href=\"?page_id=692\" title=\"P\u016fj\u010dovna aut\">Book online<\/a><\/div><\/div><\/div><\/div><div class=\"wpb_column vc_column_container vc_col-sm-3 vc_col-sm-offset-1 vc_col-xs-offset-1 vc_col-xs-10\"><div class=\"vc_column-inner\"><div class=\"wpb_wrapper\">\r\n\t<div class=\"wpb_single_image wpb_content_element vc_align_center\" style=\" width: 4rem;\" >\r\n\t\t\r\n\t\t<figure class=\"wpb_wrapper vc_figure\">\r\n\t\t\t<div class=\"vc_single_image-wrapper   vc_box_border_grey\"><img loading=\"lazy\" decoding=\"async\" width=\"128\" height=\"128\" src=\"https:\/\/okletenky.cz\/wp-content\/uploads\/2021\/08\/2836138.png\" class=\"vc_single_image-img attachment-thumbnail\" alt=\"\" \/><\/div>\r\n\t\t<\/figure>\r\n\t<\/div>\r\n\r\n\t<div class=\"wpb_text_column wpb_content_element\" >\r\n\t\t<div class=\"wpb_wrapper\">\r\n\t\t\t<h4 style=\"text-align: center;\"><strong>Tickets<\/strong><\/h4>\n\r\n\t\t<\/div>\r\n\t<\/div>\r\n<div class=\"vc_btn3-container vc_btn3-center\" ><a class=\"vc_general vc_btn3 vc_btn3-size-md vc_btn3-shape-rounded vc_btn3-style-classic vc_btn3-color-grey\" href=\"?page_id=690\" title=\"Vlakov\u00e9 j\u00edzdenky\">Train Tickets<\/a><\/div><\/div><\/div><\/div><\/div><div class=\"vc_empty_space\"   style=\"height: 2rem\"><span class=\"vc_empty_space_inner\"><\/span><\/div><div class=\"vc_row wpb_row vc_inner vc_row-fluid\"><div class=\"wpb_column vc_column_container vc_col-sm-3 vc_col-sm-offset-3 vc_col-xs-offset-1 vc_col-xs-10\"><div class=\"vc_column-inner\"><div class=\"wpb_wrapper\">\r\n\t<div class=\"wpb_single_image wpb_content_element vc_align_center\" style=\" width: 4rem;\" >\r\n\t\t\r\n\t\t<figure class=\"wpb_wrapper vc_figure\">\r\n\t\t\t<div class=\"vc_single_image-wrapper   vc_box_border_grey\"><img loading=\"lazy\" decoding=\"async\" width=\"128\" height=\"128\" src=\"https:\/\/okletenky.cz\/wp-content\/uploads\/2021\/08\/3127313.png\" class=\"vc_single_image-img attachment-thumbnail\" alt=\"\" \/><\/div>\r\n\t\t<\/figure>\r\n\t<\/div>\r\n\r\n\t<div class=\"wpb_text_column wpb_content_element\" >\r\n\t\t<div class=\"wpb_wrapper\">\r\n\t\t\t<h4 style=\"text-align: center;\"><strong>Insurance<\/strong><\/h4>\n\r\n\t\t<\/div>\r\n\t<\/div>\r\n<div class=\"vc_btn3-container vc_btn3-center\" ><a class=\"vc_general vc_btn3 vc_btn3-size-md vc_btn3-shape-rounded vc_btn3-style-classic vc_btn3-color-grey\" href=\"?page_id=818\" title=\"Cestovn\u00ed poji\u0161t\u011bn\u00ed\">Get your insurance<\/a><\/div><\/div><\/div><\/div><div class=\"wpb_column vc_column_container vc_col-sm-3 vc_col-sm-offset-1 vc_col-xs-offset-1 vc_col-xs-10\"><div class=\"vc_column-inner\"><div class=\"wpb_wrapper\">\r\n\t<div class=\"wpb_single_image wpb_content_element vc_align_center\" style=\" width: 4rem;\" >\r\n\t\t\r\n\t\t<figure class=\"wpb_wrapper vc_figure\">\r\n\t\t\t<div class=\"vc_single_image-wrapper   vc_box_border_grey\"><img loading=\"lazy\" decoding=\"async\" width=\"128\" height=\"128\" src=\"https:\/\/okletenky.cz\/wp-content\/uploads\/2021\/08\/3127191.png\" class=\"vc_single_image-img attachment-thumbnail\" alt=\"\" \/><\/div>\r\n\t\t<\/figure>\r\n\t<\/div>\r\n\r\n\t<div class=\"wpb_text_column wpb_content_element\" >\r\n\t\t<div class=\"wpb_wrapper\">\r\n\t\t\t<h4 style=\"text-align: center;\"><strong>Visas<\/strong><\/h4>\n\r\n\t\t<\/div>\r\n\t<\/div>\r\n<div class=\"vc_btn3-container vc_btn3-center\" ><a class=\"vc_general vc_btn3 vc_btn3-size-md vc_btn3-shape-rounded vc_btn3-style-classic vc_btn3-color-grey\" href=\"?page_id=824\" title=\"Visas\">More info<\/a><\/div><\/div><\/div><\/div><\/div><div class=\"vc_empty_space\"   style=\"height: 2rem\"><span class=\"vc_empty_space_inner\"><\/span><\/div><div class=\"vc_row wpb_row vc_inner vc_row-fluid\"><div class=\"wpb_column vc_column_container vc_col-sm-3 vc_col-sm-offset-3 vc_col-xs-offset-1 vc_col-xs-10\"><div class=\"vc_column-inner\"><div class=\"wpb_wrapper\">\r\n\t<div class=\"wpb_single_image wpb_content_element vc_align_center\" style=\" width: 4rem;\" >\r\n\t\t\r\n\t\t<figure class=\"wpb_wrapper vc_figure\">\r\n\t\t\t<div class=\"vc_single_image-wrapper   vc_box_border_grey\"><img loading=\"lazy\" decoding=\"async\" width=\"128\" height=\"128\" src=\"https:\/\/okletenky.cz\/wp-content\/uploads\/2021\/08\/3127197.png\" class=\"vc_single_image-img attachment-thumbnail\" alt=\"\" \/><\/div>\r\n\t\t<\/figure>\r\n\t<\/div>\r\n\r\n\t<div class=\"wpb_text_column wpb_content_element\" >\r\n\t\t<div class=\"wpb_wrapper\">\r\n\t\t\t<h4 style=\"text-align: center;\"><strong>Parking at the airport<\/strong><\/h4>\n\r\n\t\t<\/div>\r\n\t<\/div>\r\n<div class=\"vc_btn3-container vc_btn3-center\" ><a class=\"vc_general vc_btn3 vc_btn3-size-md vc_btn3-shape-rounded vc_btn3-style-classic vc_btn3-color-grey\" href=\"?page_id=829\" title=\"Parking at the airport\">Book online<\/a><\/div><\/div><\/div><\/div><div class=\"wpb_column vc_column_container vc_col-sm-3 vc_col-sm-offset-1 vc_col-xs-offset-1 vc_col-xs-10\"><div class=\"vc_column-inner\"><div class=\"wpb_wrapper\">\r\n\t<div class=\"wpb_single_image wpb_content_element vc_align_center\" style=\" width: 4rem;\" >\r\n\t\t\r\n\t\t<figure class=\"wpb_wrapper vc_figure\">\r\n\t\t\t<div class=\"vc_single_image-wrapper   vc_box_border_grey\"><img loading=\"lazy\" decoding=\"async\" width=\"128\" height=\"128\" src=\"https:\/\/okletenky.cz\/wp-content\/uploads\/2021\/08\/2758434.png\" class=\"vc_single_image-img attachment-thumbnail\" alt=\"\" \/><\/div>\r\n\t\t<\/figure>\r\n\t<\/div>\r\n\r\n\t<div class=\"wpb_text_column wpb_content_element\" >\r\n\t\t<div class=\"wpb_wrapper\">\r\n\t\t\t<h4 style=\"text-align: center;\">Travel refunds<\/h4>\n\r\n\t\t<\/div>\r\n\t<\/div>\r\n<div class=\"vc_btn3-container vc_btn3-center\" ><a class=\"vc_general vc_btn3 vc_btn3-size-md vc_btn3-shape-rounded vc_btn3-style-classic vc_btn3-color-grey\" href=\"?page_id=834\" title=\"Ostatn\u00ed slu\u017eby\">More info<\/a><\/div><\/div><\/div><\/div><\/div><div class=\"vc_empty_space\"   style=\"height: 4rem\"><span class=\"vc_empty_space_inner\"><\/span><\/div><\/div><\/div><\/div><\/div><div class=\"vc_row-full-width vc_clearfix\"><\/div><\/section><div class=\"vc_row-full-width vc_clearfix\"><\/div><section data-vc-full-width=\"true\" data-vc-full-width-init=\"false\" class=\"vc_section vc_custom_1521321253464 vc_section-has-fill\"><div data-stellar-offset-parent=\"true\"  class=\"vc_row wpb_row vc_row-fluid content-padding\"><div  class=\"wpb_column vc_column_container vc_col-sm-12 vc_col-lg-offset-2 vc_col-lg-8\"><div class=\"vc_column-inner\" style=\"\" ><div class=\"wpb_wrapper\">\r\n\t<div class=\"wpb_text_column wpb_content_element\" >\r\n\t\t<div class=\"wpb_wrapper\">\r\n\t\t\t<h2 class=\"special-title\" style=\"text-align: center;\">Our goal is a satisfied customer<\/h2>\n\r\n\t\t<\/div>\r\n\t<\/div>\r\n<\/div><\/div><\/div><\/div><div data-stellar-offset-parent=\"true\"  class=\"vc_row wpb_row vc_row-fluid content-padding-none vc_row-o-content-middle vc_row-flex\"><div  class=\"wpb_column vc_column_container vc_col-sm-4\"><div class=\"vc_column-inner\" style=\"\" ><div class=\"wpb_wrapper\">\r\n\t<div class=\"wpb_text_column wpb_content_element  vc_custom_1726491254583\" >\r\n\t\t<div class=\"wpb_wrapper\">\r\n\t\t\t<h5>Since 1992 we have experience in selling airline tickets and travel services.<\/h5>\n<h5>IATA accreditation since 1992<\/h5>\n<h5>Founding member <a href=\"http:\/\/www.travelalliance.cz\/\" target=\"_blank\" rel=\"noopener\">Travel Alliance a.s.<\/a><\/h5>\n\r\n\t\t<\/div>\r\n\t<\/div>\r\n<\/div><\/div><\/div><div  class=\"wpb_column vc_column_container vc_col-sm-7 vc_col-sm-offset-1\"><div class=\"vc_column-inner\" style=\"\" ><div class=\"wpb_wrapper\">\r\n\t<div class=\"wpb_single_image wpb_content_element vc_align_left  wpb_animate_when_almost_visible wpb_fadeInRight fadeInRight  xtd-margin-negative--bottom-3\" style=\" width: 100%;\" >\r\n\t\t\r\n\t\t<figure class=\"wpb_wrapper vc_figure\">\r\n\t\t\t<div class=\"vc_single_image-wrapper xtd-shadow--large-light  vc_box_border_grey\"><img loading=\"lazy\" decoding=\"async\" width=\"660\" height=\"439\" src=\"https:\/\/okletenky.cz\/wp-content\/uploads\/2018\/03\/adobestock_1417261-1024x681.jpg\" class=\"vc_single_image-img attachment-large\" alt=\"\" srcset=\"https:\/\/okletenky.cz\/wp-content\/uploads\/2018\/03\/adobestock_1417261-1024x681.jpg 1024w, https:\/\/okletenky.cz\/wp-content\/uploads\/2018\/03\/adobestock_1417261-300x200.jpg 300w, https:\/\/okletenky.cz\/wp-content\/uploads\/2018\/03\/adobestock_1417261-768x511.jpg 768w, https:\/\/okletenky.cz\/wp-content\/uploads\/2018\/03\/adobestock_1417261-1536x1021.jpg 1536w, https:\/\/okletenky.cz\/wp-content\/uploads\/2018\/03\/adobestock_1417261.jpg 1600w\" sizes=\"auto, (max-width: 660px) 100vw, 660px\" \/><\/div>\r\n\t\t<\/figure>\r\n\t<\/div>\r\n<\/div><\/div><\/div><\/div><div data-stellar-offset-parent=\"true\"  class=\"vc_row wpb_row vc_row-fluid content-padding vc_custom_1521323448636 vc_row-o-content-middle vc_row-flex\"><div  class=\"wpb_column vc_column_container vc_col-sm-7\"><div class=\"vc_column-inner\" style=\"\" ><div class=\"wpb_wrapper\">\r\n\t<div class=\"wpb_single_image wpb_content_element vc_align_left  wpb_animate_when_almost_visible wpb_fadeInLeft fadeInLeft  xtd-margin-negative--top-3\" style=\" width: 100%;\" >\r\n\t\t\r\n\t\t<figure class=\"wpb_wrapper vc_figure\">\r\n\t\t\t<div class=\"vc_single_image-wrapper xtd-shadow--large-light  vc_box_border_grey\"><img loading=\"lazy\" decoding=\"async\" width=\"660\" height=\"440\" src=\"https:\/\/okletenky.cz\/wp-content\/uploads\/2018\/03\/adobestock_98400582-1024x683.jpg\" class=\"vc_single_image-img attachment-large\" alt=\"\" srcset=\"https:\/\/okletenky.cz\/wp-content\/uploads\/2018\/03\/adobestock_98400582-1024x683.jpg 1024w, https:\/\/okletenky.cz\/wp-content\/uploads\/2018\/03\/adobestock_98400582-300x200.jpg 300w, https:\/\/okletenky.cz\/wp-content\/uploads\/2018\/03\/adobestock_98400582-768x512.jpg 768w, https:\/\/okletenky.cz\/wp-content\/uploads\/2018\/03\/adobestock_98400582.jpg 1200w\" sizes=\"auto, (max-width: 660px) 100vw, 660px\" \/><\/div>\r\n\t\t<\/figure>\r\n\t<\/div>\r\n<\/div><\/div><\/div><div  class=\"wpb_column vc_column_container vc_col-sm-4 vc_col-sm-offset-1\"><div class=\"vc_column-inner\" style=\"\" ><div class=\"wpb_wrapper\">\r\n\t<div class=\"wpb_text_column wpb_content_element  vc_custom_1632990508154\" >\r\n\t\t<div class=\"wpb_wrapper\">\r\n\t\t\t<p>The Business Travel &amp; Outgoing department provides comprehensive travel services for corporate customers from the Czech Republic.<\/p>\n<p>Our traditional corporate clients include Czech offices of major global corporations as well as Czech private companies, state institutions or budgetary or non-profit organizations.<\/p>\n<p>Our experienced and professional team of staff ensures maximum customer satisfaction to meet all customer requirements.<\/p>\n\r\n\t\t<\/div>\r\n\t<\/div>\r\n<\/div><\/div><\/div><\/div><\/section><div class=\"vc_row-full-width vc_clearfix\"><\/div><section class=\"vc_section\"><div data-stellar-offset-parent=\"true\"  class=\"vc_row wpb_row vc_row-fluid content-padding vc_custom_1628682842250\"><div  class=\"wpb_column vc_column_container vc_col-sm-12\"><div class=\"vc_column-inner vc_custom_1521331789848\" style=\"\" ><div class=\"wpb_wrapper\"><div class=\"vc_empty_space\"   style=\"height: 4rem\"><span class=\"vc_empty_space_inner\"><\/span><\/div>\r\n\t<div class=\"wpb_single_image wpb_content_element vc_align_center  wpb_animate_when_almost_visible wpb_slideInLeft slideInLeft vc_custom_1628683169490\" style=\"max-width: 40rem; \" >\r\n\t\t\r\n\t\t<figure class=\"wpb_wrapper vc_figure\">\r\n\t\t\t<div class=\"vc_single_image-wrapper   vc_box_border_grey\"><img loading=\"lazy\" decoding=\"async\" width=\"660\" height=\"206\" src=\"https:\/\/okletenky.cz\/wp-content\/uploads\/2018\/03\/plane-side-1024x319.jpg\" class=\"vc_single_image-img attachment-large\" alt=\"\" srcset=\"https:\/\/okletenky.cz\/wp-content\/uploads\/2018\/03\/plane-side-1024x319.jpg 1024w, https:\/\/okletenky.cz\/wp-content\/uploads\/2018\/03\/plane-side-300x94.jpg 300w, https:\/\/okletenky.cz\/wp-content\/uploads\/2018\/03\/plane-side-768x240.jpg 768w, https:\/\/okletenky.cz\/wp-content\/uploads\/2018\/03\/plane-side-1536x479.jpg 1536w, https:\/\/okletenky.cz\/wp-content\/uploads\/2018\/03\/plane-side.jpg 1600w\" sizes=\"auto, (max-width: 660px) 100vw, 660px\" \/><\/div>\r\n\t\t<\/figure>\r\n\t<\/div>\r\n<div class=\"vc_empty_space\"   style=\"height: 4rem\"><span class=\"vc_empty_space_inner\"><\/span><\/div>\r\n\t<div class=\"wpb_text_column wpb_content_element  wpb_animate_when_almost_visible wpb_slideInUp slideInUp web-cookies-text\" >\r\n\t\t<div class=\"wpb_wrapper\">\r\n\t\t\t<p style=\"text-align: center;\">This website uses technical cookies strictly necessary for browsing our website and using its features.<\/p>\n\r\n\t\t<\/div>\r\n\t<\/div>\r\n<\/div><\/div><\/div><\/div><\/section>","protected":false},"excerpt":{"rendered":"Komplexn\u00ed cestovn\u00ed slu\u017eby pro slu\u017eebn\u00ed i soukrom\u00e9 cesty Komplexn\u00ed zaji\u0161t\u011bn\u00ed Va\u0161\u00ed cesty Letenky Rezervujte online Ubytov\u00e1n\u00ed Rezervujte online Pron\u00e1jem automobilu Rezervujte online J\u00edzdenky Zajist\u011bte si j\u00edzdenky Poji\u0161t\u011bn\u00ed Zajist\u011bte si poji\u0161t\u011bn\u00ed V\u00edza V\u00edce informac\u00ed Parkov\u00e1n\u00ed na leti\u0161ti Rezervujte online Cestovn\u00ed n\u00e1hrady V\u00edce informac\u00ed Na\u0161\u00edm c\u00edlem je spokojen\u00fd z\u00e1kazn\u00edk Ji\u017e od 1992 m\u00e1me zku\u0161enost\u00ed s prodejem letenek a cestovn\u00edch slu\u017eeb. IATA akreditace [...]","protected":false},"author":1,"featured_media":0,"parent":0,"menu_order":0,"comment_status":"closed","ping_status":"closed","template":"","meta":{"inline_featured_image":false,"footnotes":""},"class_list":["post-694","page","type-page","status-publish","hentry"],"_links":{"self":[{"href":"https:\/\/okletenky.cz\/en\/wp-json\/wp\/v2\/pages\/694","targetHints":{"allow":["GET"]}}],"collection":[{"href":"https:\/\/okletenky.cz\/en\/wp-json\/wp\/v2\/pages"}],"about":[{"href":"https:\/\/okletenky.cz\/en\/wp-json\/wp\/v2\/types\/page"}],"author":[{"embeddable":true,"href":"https:\/\/okletenky.cz\/en\/wp-json\/wp\/v2\/users\/1"}],"replies":[{"embeddable":true,"href":"https:\/\/okletenky.cz\/en\/wp-json\/wp\/v2\/comments?post=694"}],"version-history":[{"count":176,"href":"https:\/\/okletenky.cz\/en\/wp-json\/wp\/v2\/pages\/694\/revisions"}],"predecessor-version":[{"id":2121,"href":"https:\/\/okletenky.cz\/en\/wp-json\/wp\/v2\/pages\/694\/revisions\/2121"}],"wp:attachment":[{"href":"https:\/\/okletenky.cz\/en\/wp-json\/wp\/v2\/media?parent=694"}],"curies":[{"name":"wp","href":"https:\/\/api.w.org\/{rel}","templated":true}]}}