{"id":824,"date":"2021-08-12T08:11:33","date_gmt":"2021-08-12T08:11:33","guid":{"rendered":"https:\/\/wptry.waksystem.cz\/?page_id=824"},"modified":"2021-11-03T12:11:44","modified_gmt":"2021-11-03T12:11:44","slug":"ok-viza","status":"publish","type":"page","link":"https:\/\/okletenky.cz\/en\/ok-viza\/","title":{"rendered":"ok-Viza"},"content":{"rendered":"<section class=\"vc_section\"><div data-stellar-offset-parent=\"true\"  class=\"vc_row wpb_row vc_row-fluid content-padding vc_row-o-content-middle vc_row-flex\"><div  class=\"z-index--2 wpb_column vc_column_container vc_col-sm-4\"><div class=\"vc_column-inner\" style=\"\" ><div class=\"wpb_wrapper\">\r\n\t<div class=\"wpb_single_image wpb_content_element vc_align_left   xtd-responsive-margin-negative--right-80\" style=\" \" >\r\n\t\t\r\n\t\t<figure class=\"wpb_wrapper vc_figure\">\r\n\t\t\t<div class=\"vc_single_image-wrapper xtd-shadow--large-light  vc_box_border_grey\"><img loading=\"lazy\" decoding=\"async\" width=\"932\" height=\"621\" src=\"https:\/\/okletenky.cz\/wp-content\/uploads\/2021\/09\/5803273.jpg\" class=\"vc_single_image-img attachment-full\" alt=\"\" srcset=\"https:\/\/okletenky.cz\/wp-content\/uploads\/2021\/09\/5803273.jpg 932w, https:\/\/okletenky.cz\/wp-content\/uploads\/2021\/09\/5803273-300x200.jpg 300w, https:\/\/okletenky.cz\/wp-content\/uploads\/2021\/09\/5803273-768x512.jpg 768w\" sizes=\"auto, (max-width: 932px) 100vw, 932px\" \/><\/div>\r\n\t\t<\/figure>\r\n\t<\/div>\r\n<div class=\"vc_empty_space\"   style=\"height: 2rem\"><span class=\"vc_empty_space_inner\"><\/span><\/div><\/div><\/div><\/div><div  class=\"wpb_column vc_column_container vc_col-sm-8 vc_col-has-fill\"><div class=\"vc_column-inner vc_custom_1521565908570\" style=\"\" ><div class=\"wpb_wrapper\"><div class=\"vc_row wpb_row vc_inner vc_row-fluid\"><div class=\"wpb_column vc_column_container vc_col-sm-6 vc_col-sm-offset-5\"><div class=\"vc_column-inner\"><div class=\"wpb_wrapper\">\r\n\t<div class=\"wpb_text_column wpb_content_element\" >\r\n\t\t<div class=\"wpb_wrapper\">\r\n\t\t\t<h5>Visas<\/h5>\n<p>We provide business and tourist visas, invitation letters and other documents for entry to countries around the world. Do not hesitate to leave the visa processing to us.<\/p>\n\r\n\t\t<\/div>\r\n\t<\/div>\r\n\r\n\t<div class=\"wpb_text_column wpb_content_element\" >\r\n\t\t<div class=\"wpb_wrapper\">\r\n\t\t\t<h5>Visa Enquiry Form<\/h5>\n\r\n\t\t<\/div>\r\n\t<\/div>\r\n<noscript class=\"ninja-forms-noscript-message\">\n\tNotice: JavaScript is required for this content.<\/noscript>\n<div id=\"nf-form-5-cont\" class=\"nf-form-cont\" aria-live=\"polite\" aria-labelledby=\"nf-form-title-5\" aria-describedby=\"nf-form-errors-5\" role=\"form\">\n\n    <div class=\"nf-loading-spinner\"><\/div>\n\n<\/div>\n        <!-- That data is being printed as a workaround to page builders reordering the order of the scripts loaded-->\n        <script>var formDisplay=1;var nfForms=nfForms||[];var form=[];form.id='5';form.settings={\"objectType\":\"Form Setting\",\"editActive\":true,\"title\":\"Popt\\u00e1vkov\\u00fd formul\\u00e1\\u0159 pro v\\u00edza\",\"created_at\":\"2021-08-17 09:07:20\",\"default_label_pos\":\"above\",\"show_title\":0,\"clear_complete\":\"1\",\"hide_complete\":\"1\",\"logged_in\":\"\",\"wrapper_class\":\"\",\"element_class\":\"\",\"key\":\"\",\"add_submit\":\"0\",\"changeEmailErrorMsg\":\"Please enter a valid email address!\",\"changeDateErrorMsg\":\"Please enter a valid date!\",\"confirmFieldErrorMsg\":\"These fields must match!\",\"fieldNumberNumMinError\":\"Number Min Error\",\"fieldNumberNumMaxError\":\"Number Max Error\",\"fieldNumberIncrementBy\":\"Please increment by \",\"formErrorsCorrectErrors\":\"Please correct errors before submitting this form.\",\"validateRequiredField\":\"This is a required field.\",\"honeypotHoneypotError\":\"Honeypot Error\",\"fieldsMarkedRequired\":\"Fields marked with an <span class=\\\"ninja-forms-req-symbol\\\">*<\\\/span> are required\",\"currency\":\"\",\"repeatable_fieldsets\":\"\",\"unique_field_error\":\"Formul\\u00e1\\u0159 s touto hodnotou ji\\u017e byl odesl\\u00e1n.\",\"not_logged_in_msg\":\"\",\"sub_limit_msg\":\"Formul\\u00e1\\u0159 dos\\u00e1hl limitu odesl\\u00e1n\\u00ed.\",\"calculations\":[],\"formContentData\":[\"jmeno_a_prijmeni_1628864964543\",\"email_1629187882790\",\"cilova_destinace_1628865037720\",\"datum_od_1629187865302\",\"datum_do_1629187854127\",\"poznamka_1629189725761\",\"submit_1628767026056\"],\"drawerDisabled\":false,\"allow_public_link\":0,\"embed_form\":\"\",\"ninjaForms\":\"Ninja Forms\",\"fieldTextareaRTEInsertLink\":\"Insert Link\",\"fieldTextareaRTEInsertMedia\":\"Insert Media\",\"fieldTextareaRTESelectAFile\":\"Select a file\",\"formHoneypot\":\"If you are a human seeing this field, please leave it empty.\",\"fileUploadOldCodeFileUploadInProgress\":\"File Upload in Progress.\",\"fileUploadOldCodeFileUpload\":\"FILE UPLOAD\",\"currencySymbol\":\"&#75;&#269;\",\"thousands_sep\":\",\",\"decimal_point\":\".\",\"siteLocale\":\"en_GB\",\"dateFormat\":\"d\\\/m\\\/Y\",\"startOfWeek\":\"1\",\"of\":\"of\",\"previousMonth\":\"Previous Month\",\"nextMonth\":\"Next Month\",\"months\":[\"January\",\"February\",\"March\",\"April\",\"May\",\"June\",\"July\",\"August\",\"September\",\"October\",\"November\",\"December\"],\"monthsShort\":[\"Jan\",\"Feb\",\"Mar\",\"Apr\",\"May\",\"Jun\",\"Jul\",\"Aug\",\"Sep\",\"Oct\",\"Nov\",\"Dec\"],\"weekdays\":[\"Sunday\",\"Monday\",\"Tuesday\",\"Wednesday\",\"Thursday\",\"Friday\",\"Saturday\"],\"weekdaysShort\":[\"Sun\",\"Mon\",\"Tue\",\"Wed\",\"Thu\",\"Fri\",\"Sat\"],\"weekdaysMin\":[\"Su\",\"Mo\",\"Tu\",\"We\",\"Th\",\"Fr\",\"Sa\"],\"recaptchaConsentMissing\":\"reCaptcha validation couldn&#039;t load.\",\"recaptchaMissingCookie\":\"reCaptcha v3 validation couldn&#039;t load the cookie needed to submit the form.\",\"recaptchaConsentEvent\":\"Accept reCaptcha cookies before sending the form.\",\"currency_symbol\":\"\",\"beforeForm\":\"\",\"beforeFields\":\"\",\"afterFields\":\"\",\"afterForm\":\"\"};form.fields=[{\"objectType\":\"Field\",\"objectDomain\":\"fields\",\"editActive\":false,\"order\":1,\"idAttribute\":\"id\",\"label\":\"Jm\\u00e9no a p\\u0159\\u00edjmen\\u00ed\",\"type\":\"lastname\",\"key\":\"jmeno_a_prijmeni_1628864964543\",\"label_pos\":\"above\",\"required\":1,\"default\":\"\",\"placeholder\":\"\",\"container_class\":\"\",\"element_class\":\"\",\"admin_label\":\"\",\"help_text\":\"\",\"custom_name_attribute\":\"lname\",\"personally_identifiable\":1,\"value\":\"\",\"drawerDisabled\":false,\"field_label\":\"Jm\\u00e9no a p\\u0159\\u00edjmen\\u00ed\",\"field_key\":\"jmeno_a_prijmeni_1628864964543\",\"id\":24,\"beforeField\":\"\",\"afterField\":\"\",\"parentType\":\"lastname\",\"element_templates\":[\"lastname\",\"input\"],\"old_classname\":\"\",\"wrap_template\":\"wrap\"},{\"objectType\":\"Field\",\"objectDomain\":\"fields\",\"editActive\":false,\"order\":2,\"idAttribute\":\"id\",\"label\":\"E-mail\",\"type\":\"email\",\"key\":\"email_1629187882790\",\"label_pos\":\"above\",\"required\":1,\"default\":\"\",\"placeholder\":\"\",\"container_class\":\"\",\"element_class\":\"\",\"admin_label\":\"\",\"help_text\":\"\",\"custom_name_attribute\":\"email\",\"personally_identifiable\":1,\"value\":\"\",\"field_label\":\"E-mail\",\"field_key\":\"email_1629187882790\",\"id\":28,\"beforeField\":\"\",\"afterField\":\"\",\"parentType\":\"email\",\"element_templates\":[\"email\",\"input\"],\"old_classname\":\"\",\"wrap_template\":\"wrap\"},{\"objectType\":\"Field\",\"objectDomain\":\"fields\",\"editActive\":false,\"order\":3,\"idAttribute\":\"id\",\"label\":\"C\\u00edlov\\u00e1 destinace\",\"type\":\"city\",\"key\":\"cilova_destinace_1628865037720\",\"label_pos\":\"above\",\"required\":1,\"default\":\"\",\"placeholder\":\"\",\"container_class\":\"\",\"element_class\":\"\",\"input_limit\":\"\",\"input_limit_type\":\"characters\",\"input_limit_msg\":\"Zb\\u00fdv\\u00e1 znak\\u016f\",\"manual_key\":\"\",\"admin_label\":\"\",\"help_text\":\"\",\"mask\":\"\",\"custom_mask\":\"\",\"custom_name_attribute\":\"city\",\"personally_identifiable\":\"\",\"value\":\"\",\"drawerDisabled\":\"\",\"field_label\":\"C\\u00edlov\\u00e1 destinace\",\"field_key\":\"cilova_destinace_1628865037720\",\"id\":26,\"beforeField\":\"\",\"afterField\":\"\",\"parentType\":\"city\",\"element_templates\":[\"city\",\"textbox\",\"input\"],\"old_classname\":\"\",\"wrap_template\":\"wrap\"},{\"objectType\":\"Field\",\"objectDomain\":\"fields\",\"editActive\":false,\"order\":4,\"idAttribute\":\"id\",\"label\":\"Datum od\",\"type\":\"date\",\"key\":\"datum_od_1629187865302\",\"label_pos\":\"above\",\"required\":1,\"placeholder\":\"\",\"container_class\":\"\",\"element_class\":\"\",\"manual_key\":\"\",\"admin_label\":\"\",\"help_text\":\"\",\"date_mode\":\"date_only\",\"date_format\":\"DD\\\/MM\\\/YYYY\",\"year_range_start\":\"\",\"year_range_end\":\"\",\"hours_24\":0,\"minute_increment\":5,\"drawerDisabled\":\"\",\"field_label\":\"Datum od\",\"field_key\":\"datum_od_1629187865302\",\"id\":27,\"beforeField\":\"\",\"afterField\":\"\",\"value\":\"\",\"parentType\":\"date\",\"element_templates\":[\"date\",\"textbox\",\"input\"],\"old_classname\":\"\",\"wrap_template\":\"wrap\"},{\"objectType\":\"Field\",\"objectDomain\":\"fields\",\"editActive\":false,\"order\":5,\"idAttribute\":\"id\",\"label\":\"Datum do\",\"type\":\"date\",\"key\":\"datum_do_1629187854127\",\"label_pos\":\"above\",\"required\":1,\"placeholder\":\"\",\"container_class\":\"\",\"element_class\":\"\",\"manual_key\":\"\",\"admin_label\":\"\",\"help_text\":\"\",\"date_mode\":\"date_only\",\"date_format\":\"DD\\\/MM\\\/YYYY\",\"year_range_start\":\"\",\"year_range_end\":\"\",\"hours_24\":0,\"minute_increment\":5,\"drawerDisabled\":\"\",\"field_label\":\"Datum do\",\"field_key\":\"datum_do_1629187854127\",\"id\":29,\"beforeField\":\"\",\"afterField\":\"\",\"value\":\"\",\"parentType\":\"date\",\"element_templates\":[\"date\",\"textbox\",\"input\"],\"old_classname\":\"\",\"wrap_template\":\"wrap\"},{\"objectType\":\"Field\",\"objectDomain\":\"fields\",\"editActive\":false,\"order\":6,\"idAttribute\":\"id\",\"label\":\"Pozn\\u00e1mka\",\"type\":\"textarea\",\"key\":\"poznamka_1629189725761\",\"label_pos\":\"above\",\"required\":\"\",\"default\":\"\",\"placeholder\":\"\",\"container_class\":\"\",\"element_class\":\"\",\"input_limit\":\"\",\"input_limit_type\":\"characters\",\"input_limit_msg\":\"Zb\\u00fdv\\u00e1 znak\\u016f\",\"manual_key\":\"\",\"admin_label\":\"\",\"help_text\":\"\",\"textarea_rte\":\"\",\"disable_rte_mobile\":\"\",\"textarea_media\":\"\",\"value\":\"\",\"drawerDisabled\":\"\",\"field_label\":\"Pozn\\u00e1mka\",\"field_key\":\"poznamka_1629189725761\",\"id\":30,\"beforeField\":\"\",\"afterField\":\"\",\"parentType\":\"textarea\",\"element_templates\":[\"textarea\",\"input\"],\"old_classname\":\"\",\"wrap_template\":\"wrap\"},{\"objectType\":\"Field\",\"objectDomain\":\"fields\",\"editActive\":false,\"order\":7,\"idAttribute\":\"id\",\"label\":\"Odeslat\",\"type\":\"submit\",\"processing_label\":\"Zpracov\\u00e1v\\u00e1m\",\"container_class\":\"\",\"element_class\":\"\",\"key\":\"submit_1628767026056\",\"field_label\":\"Odeslat\",\"field_key\":\"submit_1628767026056\",\"id\":25,\"beforeField\":\"\",\"afterField\":\"\",\"value\":\"\",\"label_pos\":\"above\",\"parentType\":\"textbox\",\"element_templates\":[\"submit\",\"button\",\"input\"],\"old_classname\":\"\",\"wrap_template\":\"wrap-no-label\"}];nfForms.push(form);<\/script>\n        <\/div><\/div><\/div><\/div><div class=\"vc_separator wpb_content_element vc_separator_align_center vc_sep_width_100 vc_sep_pos_align_center vc_separator_no_text vc_sep_color_grey\" ><span class=\"vc_sep_holder vc_sep_holder_l\"><span  class=\"vc_sep_line\"><\/span><\/span><span class=\"vc_sep_holder vc_sep_holder_r\"><span  class=\"vc_sep_line\"><\/span><\/span>\r\n<\/div><div class=\"vc_btn3-container vc_btn3-center\" ><a class=\"vc_general vc_btn3 vc_btn3-size-md vc_btn3-shape-rounded vc_btn3-style-btn-primary vc_btn3-color-grey\" href=\"\/en\/?ok-home#nabidka-sluzeb\" title=\"Home\">Other services<\/a><\/div><\/div><\/div><\/div><\/div><\/section>","protected":false},"excerpt":{"rendered":"V\u00edza Zaji\u0161\u0165ujeme obchodn\u00ed i turistick\u00e1 v\u00edza, zvac\u00ed dopisy a dal\u0161\u00ed dokumenty pro vstup do zem\u00ed po cel\u00e9m sv\u011bt\u011b. Nev\u00e1hejte nechat starost s vy\u0159\u00edzen\u00edm v\u00edz na n\u00e1s. Popt\u00e1vkov\u00fd formul\u00e1\u0159 pro v\u00edza Notice: JavaScript is required for this content. Dal\u0161\u00ed slu\u017eby","protected":false},"author":1,"featured_media":0,"parent":0,"menu_order":0,"comment_status":"closed","ping_status":"closed","template":"","meta":{"inline_featured_image":false,"footnotes":""},"class_list":["post-824","page","type-page","status-publish","hentry"],"_links":{"self":[{"href":"https:\/\/okletenky.cz\/en\/wp-json\/wp\/v2\/pages\/824","targetHints":{"allow":["GET"]}}],"collection":[{"href":"https:\/\/okletenky.cz\/en\/wp-json\/wp\/v2\/pages"}],"about":[{"href":"https:\/\/okletenky.cz\/en\/wp-json\/wp\/v2\/types\/page"}],"author":[{"embeddable":true,"href":"https:\/\/okletenky.cz\/en\/wp-json\/wp\/v2\/users\/1"}],"replies":[{"embeddable":true,"href":"https:\/\/okletenky.cz\/en\/wp-json\/wp\/v2\/comments?post=824"}],"version-history":[{"count":18,"href":"https:\/\/okletenky.cz\/en\/wp-json\/wp\/v2\/pages\/824\/revisions"}],"predecessor-version":[{"id":1498,"href":"https:\/\/okletenky.cz\/en\/wp-json\/wp\/v2\/pages\/824\/revisions\/1498"}],"wp:attachment":[{"href":"https:\/\/okletenky.cz\/en\/wp-json\/wp\/v2\/media?parent=824"}],"curies":[{"name":"wp","href":"https:\/\/api.w.org\/{rel}","templated":true}]}}