{"id":829,"date":"2021-08-12T08:24:36","date_gmt":"2021-08-12T08:24:36","guid":{"rendered":"https:\/\/wptry.waksystem.cz\/?page_id=829"},"modified":"2024-09-16T12:51:19","modified_gmt":"2024-09-16T12:51:19","slug":"ok-parkovani-na-letisti","status":"publish","type":"page","link":"https:\/\/okletenky.cz\/en\/ok-parkovani-na-letisti\/","title":{"rendered":"ok-Parkovani-na-letisti"},"content":{"rendered":"<section class=\"vc_section\"><div data-stellar-offset-parent=\"true\"  class=\"vc_row wpb_row vc_row-fluid content-padding vc_row-o-content-middle vc_row-flex\"><div  class=\"z-index--2 wpb_column vc_column_container vc_col-sm-4\"><div class=\"vc_column-inner\" style=\"\" ><div class=\"wpb_wrapper\">\r\n\t<div class=\"wpb_single_image wpb_content_element vc_align_left   xtd-responsive-margin-negative--right-80\" style=\" \" >\r\n\t\t\r\n\t\t<figure class=\"wpb_wrapper vc_figure\">\r\n\t\t\t<div class=\"vc_single_image-wrapper xtd-shadow--large-light  vc_box_border_grey\"><img loading=\"lazy\" decoding=\"async\" width=\"1920\" height=\"1080\" src=\"https:\/\/okletenky.cz\/wp-content\/uploads\/2021\/09\/go_parking.jpg\" class=\"vc_single_image-img attachment-full\" alt=\"\" srcset=\"https:\/\/okletenky.cz\/wp-content\/uploads\/2021\/09\/go_parking.jpg 1920w, https:\/\/okletenky.cz\/wp-content\/uploads\/2021\/09\/go_parking-300x169.jpg 300w, https:\/\/okletenky.cz\/wp-content\/uploads\/2021\/09\/go_parking-1024x576.jpg 1024w, https:\/\/okletenky.cz\/wp-content\/uploads\/2021\/09\/go_parking-768x432.jpg 768w, https:\/\/okletenky.cz\/wp-content\/uploads\/2021\/09\/go_parking-1536x864.jpg 1536w\" sizes=\"auto, (max-width: 1920px) 100vw, 1920px\" \/><\/div>\r\n\t\t<\/figure>\r\n\t<\/div>\r\n<div class=\"vc_empty_space\"   style=\"height: 2rem\"><span class=\"vc_empty_space_inner\"><\/span><\/div><\/div><\/div><\/div><div  class=\"wpb_column vc_column_container vc_col-sm-8 vc_col-has-fill\"><div class=\"vc_column-inner vc_custom_1521565908570\" style=\"\" ><div class=\"wpb_wrapper\"><div class=\"vc_row wpb_row vc_inner vc_row-fluid\"><div class=\"wpb_column vc_column_container vc_col-sm-6 vc_col-sm-offset-5\"><div class=\"vc_column-inner\"><div class=\"wpb_wrapper\">\r\n\t<div class=\"wpb_text_column wpb_content_element\" >\r\n\t\t<div class=\"wpb_wrapper\">\r\n\t\t\t<h5>Parking at the airport<\/h5>\n<p>We offer parking in the immediate vicinity of the Vaclav Havel Airport Prague under discounted conditions. Our contractual partner is GO PARKING.<\/p>\n<p><strong><a class=\"btn-sm btn-primary\" href=\"https:\/\/www.goparking.cz\/rezervace\/krok1\/?promo=okl524\">Book easily online<\/a><\/strong><\/p>\n\r\n\t\t<\/div>\r\n\t<\/div>\r\n\r\n\t<div class=\"wpb_text_column wpb_content_element\" >\r\n\t\t<div class=\"wpb_wrapper\">\r\n\t\t\t<h5>Benefits of parking at GO PARKING<\/h5>\n<ul>\n<li>advantageous prices<\/li>\n<li>proximity to airport terminals<\/li>\n<li>physical security of the car park<\/li>\n<li>CCTV system<\/li>\n<li>full parking insurance<\/li>\n<li>comfortable passenger transport from the car to the terminal (and back) including free luggage<\/li>\n<li>online booking<\/li>\n<li>online payment option<\/li>\n<li>guarantee of place and price when booking online<\/li>\n<li>services for drivers (refreshments, toilets, ATM) directly at the car park<\/li>\n<\/ul>\n\r\n\t\t<\/div>\r\n\t<\/div>\r\n\r\n\t<div class=\"wpb_text_column wpb_content_element\" >\r\n\t\t<div class=\"wpb_wrapper\">\r\n\t\t\t<p>More information about this special event\u00a0<a href=\"https:\/\/okletenky.cz\/en\/dt\/9f5641f391.pdf\/\">can be found here.<\/a><\/p>\n<p>We can also arrange parking at other European airports.<\/p>\n<p>Cologne\/Bonn(CGN), Frankfurt(FRA), Hamburg(HAM), Hannover(HAJ), Munich(MUC), Nuremberg(NUE), Salzburg(SZG), Stuttgart(STR), Vienna(VIE) <a href=\"https:\/\/partner.park.aero\/en\/?b2bref=TA258#\">You can book here.<\/a><\/p>\n\r\n\t\t<\/div>\r\n\t<\/div>\r\n<\/div><\/div><\/div><\/div><div class=\"vc_separator wpb_content_element vc_separator_align_center vc_sep_width_100 vc_sep_pos_align_center vc_separator_no_text vc_sep_color_grey\" ><span class=\"vc_sep_holder vc_sep_holder_l\"><span  class=\"vc_sep_line\"><\/span><\/span><span class=\"vc_sep_holder vc_sep_holder_r\"><span  class=\"vc_sep_line\"><\/span><\/span>\r\n<\/div><div class=\"vc_btn3-container vc_btn3-center\" ><a class=\"vc_general vc_btn3 vc_btn3-size-md vc_btn3-shape-rounded vc_btn3-style-btn-primary vc_btn3-color-grey\" href=\"\/en\/?ok-home#nabidka-sluzeb\" title=\"Home\">Other services<\/a><\/div><\/div><\/div><\/div><\/div><\/section>","protected":false},"excerpt":{"rendered":"Parkov\u00e1n\u00ed na leti\u0161ti Nab\u00edz\u00edme parkov\u00e1n\u00ed v bezprost\u0159edn\u00ed bl\u00edzkosti Leti\u0161t\u011b V\u00e1clava Havla Praha za zv\u00fdhodn\u011bn\u00fdch podm\u00ednek. Na\u0161\u00edm smluvn\u00edm partnerem je GO PARKING. Rezervujte jednodu\u0161e on-line V\u00fdhody parkov\u00e1n\u00ed na GO PARKING v\u00fdhodn\u00e9 ceny bl\u00edzkost k leti\u0161tn\u00edm termin\u00e1l\u016fm fyzick\u00e1 ostraha parkovi\u0161t\u011b kamerov\u00fd syst\u00e9m pln\u00e9 poji\u0161t\u011bn\u00ed parkovi\u0161t\u011b pohodln\u00e1 p\u0159eprava cestuj\u00edc\u00edch od auta a\u017e k termin\u00e1lu (a zp\u011bt) v\u010d. zavazadel zdarma on-line rezervace mo\u017enost on-line [...]","protected":false},"author":1,"featured_media":0,"parent":0,"menu_order":0,"comment_status":"closed","ping_status":"closed","template":"","meta":{"inline_featured_image":false,"footnotes":""},"class_list":["post-829","page","type-page","status-publish","hentry"],"_links":{"self":[{"href":"https:\/\/okletenky.cz\/en\/wp-json\/wp\/v2\/pages\/829","targetHints":{"allow":["GET"]}}],"collection":[{"href":"https:\/\/okletenky.cz\/en\/wp-json\/wp\/v2\/pages"}],"about":[{"href":"https:\/\/okletenky.cz\/en\/wp-json\/wp\/v2\/types\/page"}],"author":[{"embeddable":true,"href":"https:\/\/okletenky.cz\/en\/wp-json\/wp\/v2\/users\/1"}],"replies":[{"embeddable":true,"href":"https:\/\/okletenky.cz\/en\/wp-json\/wp\/v2\/comments?post=829"}],"version-history":[{"count":25,"href":"https:\/\/okletenky.cz\/en\/wp-json\/wp\/v2\/pages\/829\/revisions"}],"predecessor-version":[{"id":1923,"href":"https:\/\/okletenky.cz\/en\/wp-json\/wp\/v2\/pages\/829\/revisions\/1923"}],"wp:attachment":[{"href":"https:\/\/okletenky.cz\/en\/wp-json\/wp\/v2\/media?parent=829"}],"curies":[{"name":"wp","href":"https:\/\/api.w.org\/{rel}","templated":true}]}}